{"id":1969,"date":"2020-11-13T14:54:44","date_gmt":"2020-11-13T13:54:44","guid":{"rendered":"http:\/\/www.milanriha.cz\/?page_id=1969"},"modified":"2020-11-15T19:23:32","modified_gmt":"2020-11-15T18:23:32","slug":"galerie-_copy","status":"publish","type":"page","link":"https:\/\/www.milanriha.cz\/cz\/galerie-_copy\/","title":{"rendered":"Galerie &#8212; _copy"},"content":{"rendered":"<div class=\"wpb-content-wrapper\"><div class=\"vc_row wpb_row vc_row-fluid vc_row-69d29f4647313\"><div class=\"wpb_column vc_column_container vc_col-sm-12 vc_row-69d29f4647b6f\"><div class=\"vc_column-inner \"><div class=\"wpb_wrapper\">      <div class=\"heading-block heading-5fa9b45b7e2ee tac h-h2\">\n                  <h2 class=\"h\">Galerie<\/h2>\n              <\/div>\n    \n\t<div class=\"wpb_text_column wpb_content_element\" >\n\t\t<div class=\"wpb_wrapper\">\n\t\t\t<table style=\"width: 100%; border-collapse: collapse; border-style: hidden; border-color: #151515; background-color: #151515;\">\n<tbody>\n<tr>\n<td style=\"width: 46.7321%; border-style: hidden;\"><span style=\"font-size: 14px; color: #c48f56;\">KATEGORIE<\/span><\/td>\n<td style=\"width: 53.2679%; border-style: hidden;\"><span style=\"font-size: 14px; color: #c48f56;\">ALBA \/ OBR\u00c1ZKY<\/span><\/td>\n<\/tr>\n<\/tbody>\n<\/table>\n\n\t\t<\/div>\n\t<\/div>\n<\/div><\/div><\/div><\/div><div class=\"vc_row wpb_row vc_row-fluid vc_custom_1605285714948 vc_row-5faeb73506fe7\"><div class=\"wpb_column vc_column_container vc_col-sm-3 vc_row-5fae940304bd4\"><div class=\"vc_column-inner vc_custom_1605286935411\"><div class=\"wpb_wrapper\">\n\t<div class=\"wpb_text_column wpb_content_element vc_custom_1605464536582\" >\n\t\t<div class=\"wpb_wrapper\">\n\t\t\tngg_shortcode_0_placeholder\n\n\t\t<\/div>\n\t<\/div>\n<\/div><\/div><\/div><div class=\"wpb_column vc_column_container vc_col-sm-1 vc_row-5fae9433f9e78\"><div class=\"vc_column-inner vc_custom_1605288106825\"><div class=\"wpb_wrapper\"><div class=\"vc_icon_element vc_icon_element-outer vc_custom_1605288185589 vc_do_icon vc_icon_element-align-center\"><div class=\"vc_icon_element-inner vc_icon_element-color-grey vc_icon_element-size-md vc_icon_element-style- vc_icon_element-background-color-grey\" ><span class=\"vc_icon_element-icon basic-ui-icon-right-arrow\" ><\/span><\/div><\/div><\/div><\/div><\/div><div class=\"wpb_column vc_column_container vc_col-sm-8 vc_row-5faebc243b07d\"><div class=\"vc_column-inner \"><div class=\"wpb_wrapper\">\n\t<div class=\"wpb_text_column wpb_content_element vc_custom_1605289354268\" >\n\t\t<div class=\"wpb_wrapper\">\n\t\t\tngg_shortcode_1_placeholder\n\n\t\t<\/div>\n\t<\/div>\n<\/div><\/div><\/div><\/div><div class=\"vc_row wpb_row vc_row-fluid vc_custom_1605285728009 vc_row-5faeb75bbe458\"><div class=\"wpb_column vc_column_container vc_col-sm-12 vc_row-5faea37d7426e\"><div class=\"vc_column-inner vc_custom_1605280649583\"><div class=\"wpb_wrapper\"><div class=\"vc_separator wpb_content_element vc_separator_align_center vc_sep_width_100 vc_sep_pos_align_center vc_separator_no_text vc_sep_color_grey wpb_content_element  wpb_content_element\" ><span class=\"vc_sep_holder vc_sep_holder_l\"><span class=\"vc_sep_line\"><\/span><\/span><span class=\"vc_sep_holder vc_sep_holder_r\"><span class=\"vc_sep_line\"><\/span><\/span>\n<\/div><\/div><\/div><\/div><\/div><div class=\"vc_row wpb_row vc_row-fluid vc_custom_1605285738814 vc_row-5faeb76602c80\"><div class=\"wpb_column vc_column_container vc_col-sm-3 vc_row-5fae957d90f0e\"><div class=\"vc_column-inner vc_custom_1605287520327\"><div class=\"wpb_wrapper\">\n\t<div class=\"wpb_text_column wpb_content_element vc_custom_1605464555557\" >\n\t\t<div class=\"wpb_wrapper\">\n\t\t\tngg_shortcode_2_placeholder\n\n\t\t<\/div>\n\t<\/div>\n<\/div><\/div><\/div><div class=\"wpb_column vc_column_container vc_col-sm-1 vc_row-5fae958af054a\"><div class=\"vc_column-inner vc_custom_1605288117860\"><div class=\"wpb_wrapper\"><div class=\"vc_icon_element vc_icon_element-outer vc_custom_1605288193910 vc_do_icon vc_icon_element-align-center\"><div class=\"vc_icon_element-inner vc_icon_element-color-grey vc_icon_element-size-md vc_icon_element-style- vc_icon_element-background-color-grey\" ><span class=\"vc_icon_element-icon basic-ui-icon-right-arrow\" ><\/span><\/div><\/div><\/div><\/div><\/div><div class=\"wpb_column vc_column_container vc_col-sm-8 vc_row-5faebe73280d1\"><div class=\"vc_column-inner \"><div class=\"wpb_wrapper\">\n\t<div class=\"wpb_text_column wpb_content_element vc_custom_1605464469937\" >\n\t\t<div class=\"wpb_wrapper\">\n\t\t\tngg_shortcode_3_placeholder\n\n\t\t<\/div>\n\t<\/div>\n<\/div><\/div><\/div><\/div><div class=\"vc_row wpb_row vc_row-fluid vc_custom_1605285748440 vc_row-5faeb77041856\"><div class=\"wpb_column vc_column_container vc_col-sm-12 vc_row-69d29f4649b81\"><div class=\"vc_column-inner \"><div class=\"wpb_wrapper\"><div class=\"vc_separator wpb_content_element vc_separator_align_center vc_sep_width_100 vc_sep_pos_align_center vc_separator_no_text vc_sep_color_grey wpb_content_element  wpb_content_element\" ><span class=\"vc_sep_holder vc_sep_holder_l\"><span class=\"vc_sep_line\"><\/span><\/span><span class=\"vc_sep_holder vc_sep_holder_r\"><span class=\"vc_sep_line\"><\/span><\/span>\n<\/div><\/div><\/div><\/div><\/div><div class=\"vc_row wpb_row vc_row-fluid vc_custom_1605286665059 vc_row-5faebb04ab02a\"><div class=\"wpb_column vc_column_container vc_col-sm-3 vc_row-5faebae52787d\"><div class=\"vc_column-inner vc_custom_1605287609407\"><div class=\"wpb_wrapper\">\n\t<div class=\"wpb_text_column wpb_content_element vc_custom_1605464601070\" >\n\t\t<div class=\"wpb_wrapper\">\n\t\t\tngg_shortcode_4_placeholder\n\n\t\t<\/div>\n\t<\/div>\n<\/div><\/div><\/div><div class=\"wpb_column vc_column_container vc_col-sm-1 vc_row-5faebaf635ac3\"><div class=\"vc_column-inner vc_custom_1605288129433\"><div class=\"wpb_wrapper\"><div class=\"vc_icon_element vc_icon_element-outer vc_custom_1605288204658 vc_do_icon vc_icon_element-align-center\"><div class=\"vc_icon_element-inner vc_icon_element-color-grey vc_icon_element-size-md vc_icon_element-style- vc_icon_element-background-color-grey\" ><span class=\"vc_icon_element-icon basic-ui-icon-right-arrow\" ><\/span><\/div><\/div><\/div><\/div><\/div><div class=\"wpb_column vc_column_container vc_col-sm-8 vc_row-5faebeca04400\"><div class=\"vc_column-inner \"><div class=\"wpb_wrapper\">\n\t<div class=\"wpb_text_column wpb_content_element vc_custom_1605289488584\" >\n\t\t<div class=\"wpb_wrapper\">\n\t\t\tngg_shortcode_5_placeholder\n\n\t\t<\/div>\n\t<\/div>\n<\/div><\/div><\/div><\/div><div class=\"vc_row wpb_row vc_row-fluid vc_row-69d29f464a5a4\"><div class=\"wpb_column vc_column_container vc_col-sm-12 vc_row-69d29f464a6b7\"><div class=\"vc_column-inner \"><div class=\"wpb_wrapper\"><div class=\"vc_separator wpb_content_element vc_separator_align_center vc_sep_width_100 vc_sep_pos_align_center vc_separator_no_text vc_sep_color_grey vc_custom_1605286797881 wpb_content_element  vc_custom_1605286797881 wpb_content_element\" ><span class=\"vc_sep_holder vc_sep_holder_l\"><span class=\"vc_sep_line\"><\/span><\/span><span class=\"vc_sep_holder vc_sep_holder_r\"><span class=\"vc_sep_line\"><\/span><\/span>\n<\/div><\/div><\/div><\/div><\/div>\n<\/div>","protected":false},"excerpt":{"rendered":"Galerie KATEGORIE ALBA \/ OBR\u00c1ZKY Krajina Peru Tanzania Iceland Norsko Nepal_Tibet It\u00e1lie Patagonie Anglie \u010cechy a Morava Rakousko Svatby Jirka a Martina Jirka a Lenka Petr a Kate\u0159ina","protected":false},"author":1,"featured_media":0,"parent":0,"menu_order":0,"comment_status":"closed","ping_status":"closed","template":"","meta":{"_acf_changed":false,"ngg_post_thumbnail":0,"footnotes":""},"class_list":["post-1969","page","type-page","status-publish","hentry"],"acf":[],"_links":{"self":[{"href":"https:\/\/www.milanriha.cz\/cz\/wp-json\/wp\/v2\/pages\/1969","targetHints":{"allow":["GET"]}}],"collection":[{"href":"https:\/\/www.milanriha.cz\/cz\/wp-json\/wp\/v2\/pages"}],"about":[{"href":"https:\/\/www.milanriha.cz\/cz\/wp-json\/wp\/v2\/types\/page"}],"author":[{"embeddable":true,"href":"https:\/\/www.milanriha.cz\/cz\/wp-json\/wp\/v2\/users\/1"}],"replies":[{"embeddable":true,"href":"https:\/\/www.milanriha.cz\/cz\/wp-json\/wp\/v2\/comments?post=1969"}],"version-history":[{"count":0,"href":"https:\/\/www.milanriha.cz\/cz\/wp-json\/wp\/v2\/pages\/1969\/revisions"}],"wp:attachment":[{"href":"https:\/\/www.milanriha.cz\/cz\/wp-json\/wp\/v2\/media?parent=1969"}],"curies":[{"name":"wp","href":"https:\/\/api.w.org\/{rel}","templated":true}]}}