{"id":2209,"date":"2020-11-15T22:28:28","date_gmt":"2020-11-15T21:28:28","guid":{"rendered":"http:\/\/www.milanriha.cz\/?page_id=2209"},"modified":"2024-04-23T16:27:59","modified_gmt":"2024-04-23T14:27:59","slug":"about-me","status":"publish","type":"page","link":"https:\/\/www.milanriha.cz\/cz\/about-me\/","title":{"rendered":"About Me"},"content":{"rendered":"<div class=\"wpb-content-wrapper\"><div class=\"vc_row wpb_row vc_row-fluid vc_row-69d2b3cbe5544\"><div class=\"wpb_column vc_column_container vc_col-sm-12 vc_row-69d2b3cbe5d49\"><div class=\"vc_column-inner \"><div class=\"wpb_wrapper\">      <div class=\"heading-block heading-601c52428d1ab tac h-h1\">\n                  <h1 class=\"h\"><span>N\u011bco o mn\u011b<\/span><\/h1>\n              <\/div>\n    <\/div><\/div><\/div><\/div><section class=\"vc_section vc_section-\"><div class=\"vc_row wpb_row vc_row-fluid vc_custom_1617134107602 vc_row-5fb19f0b11c98 vc_row-has-fill vc_row-o-content-middle vc_row-flex\"><div class=\"wpb_column vc_column_container vc_col-sm-6 vc_row-69d2b3cbe6645\"><div class=\"vc_column-inner \"><div class=\"wpb_wrapper\">    <div class=\"side-img side-img-5fb19bc7d4023 style-square align-left vc_custom_1605476374433\">\n      <div style=\"background-image: url(https:\/\/www.milanriha.cz\/wp-content\/uploads\/2020\/11\/Milan_WEB.jpg);\"><\/div>\n    <\/div>\n    <\/div><\/div><\/div><div class=\"wpb_column vc_column_container vc_col-sm-6 vc_row-69d2b3cbe6d41\"><div class=\"vc_column-inner \"><div class=\"wpb_wrapper\">\n\t<div class=\"wpb_text_column wpb_content_element\" >\n\t\t<div class=\"wpb_wrapper\">\n\t\t\t<p><span style=\"font-size: 20px;\"><strong>V\u00edt\u00e1m V\u00e1s ve sv\u00e9 webov\u00e9 galerii<\/strong><\/span><\/p>\n<p>&nbsp;<\/p>\n<p><span style=\"font-size: 18px;\">Focen\u00ed je pro m\u011b od d\u011btstv\u00ed velk\u00fdm kon\u00ed\u010dkem. Fot\u00edm hlavn\u011b pro radost a v nejv\u011bt\u0161\u00ed m\u00ed\u0159e se v\u011bnuji fotografi\u00edm krajiny, focen\u00ed svateb, portr\u00e9t\u016f a fotodokumentaristice.<\/span><\/p>\n<p><span style=\"font-size: 18px;\">Ve fotografii uplat\u0148uji klasick\u00e9 techniky, ale v postprocesu experimentuji i s jin\u00fdmi postupy jako jsou HDR fotografie, tvorba panoramat nebo abstraktn\u00ed zobrazen\u00ed reality.<\/span><\/p>\n\n\t\t<\/div>\n\t<\/div>\n<\/div><\/div><\/div><\/div><\/section><div class=\"vc_row wpb_row vc_row-fluid vc_row-6063827ccef88\"><div class=\"wpb_column vc_column_container vc_col-sm-12 vc_row-69d2b3cbe728e\"><div class=\"vc_column-inner \"><div class=\"wpb_wrapper\">      <div class=\"heading-block heading-5fb1a5b9ff08f tac h-h5\">\n                  <h5 class=\"h\"><span>Moje nejobl\u00edben\u011bj\u0161\u00ed fotografick\u00e9 \u017e\u00e1nry<\/span><\/h5>\n              <\/div>\n    <\/div><\/div><\/div><\/div><div class=\"vc_row wpb_row vc_row-fluid vc_custom_1617134169024 vc_row-60638251e7f5a\"><div class=\"wpb_column vc_column_container vc_col-sm-3 vc_row-69d2b3cbe757c\"><div class=\"vc_column-inner \"><div class=\"wpb_wrapper\">\n\t<div class=\"wpb_text_column wpb_content_element\" >\n\t\t<div class=\"wpb_wrapper\">\n\t\t\tngg_shortcode_0_placeholder\n\n\t\t<\/div>\n\t<\/div>\n\n\t<div class=\"wpb_text_column wpb_content_element vc_custom_1612471040869\" >\n\t\t<div class=\"wpb_wrapper\">\n\t\t\t<p style=\"text-align: center;\"><span style=\"font-size: 18px;\">Miluji krajinu<\/span><\/p>\n\n\t\t<\/div>\n\t<\/div>\n<\/div><\/div><\/div><div class=\"wpb_column vc_column_container vc_col-sm-3 vc_row-69d2b3cbe78f6\"><div class=\"vc_column-inner \"><div class=\"wpb_wrapper\">\n\t<div class=\"wpb_text_column wpb_content_element\" >\n\t\t<div class=\"wpb_wrapper\">\n\t\t\tngg_shortcode_1_placeholder\n\n\t\t<\/div>\n\t<\/div>\n\n\t<div class=\"wpb_text_column wpb_content_element vc_custom_1617133498735\" >\n\t\t<div class=\"wpb_wrapper\">\n\t\t\t<p style=\"text-align: center;\"><span style=\"font-size: 18px;\">Nafot\u00edm va\u0161\u00ed svatbu<\/span><\/p>\n\n\t\t<\/div>\n\t<\/div>\n<\/div><\/div><\/div><div class=\"wpb_column vc_column_container vc_col-sm-3 vc_row-69d2b3cbe7bbf\"><div class=\"vc_column-inner \"><div class=\"wpb_wrapper\">\n\t<div class=\"wpb_text_column wpb_content_element\" >\n\t\t<div class=\"wpb_wrapper\">\n\t\t\tngg_shortcode_2_placeholder\n\n\t\t<\/div>\n\t<\/div>\n\n\t<div class=\"wpb_text_column wpb_content_element vc_custom_1612470739392\" >\n\t\t<div class=\"wpb_wrapper\">\n\t\t\t<p style=\"text-align: center;\"><span style=\"font-size: 18px;\">(Ne)form\u00e1ln\u00ed portr\u00e9t<\/span><\/p>\n\n\t\t<\/div>\n\t<\/div>\n<\/div><\/div><\/div><div class=\"wpb_column vc_column_container vc_col-sm-3 vc_row-69d2b3cbe7e7b\"><div class=\"vc_column-inner \"><div class=\"wpb_wrapper\">\n\t<div class=\"wpb_text_column wpb_content_element\" >\n\t\t<div class=\"wpb_wrapper\">\n\t\t\tngg_shortcode_3_placeholder\n\n\t\t<\/div>\n\t<\/div>\n\n\t<div class=\"wpb_text_column wpb_content_element vc_custom_1612470749773\" >\n\t\t<div class=\"wpb_wrapper\">\n\t\t\t<p style=\"text-align: center;\"><span style=\"font-size: 18px;\">R\u00e1d foto-dokumentuji<\/span><\/p>\n\n\t\t<\/div>\n\t<\/div>\n<\/div><\/div><\/div><\/div><div class=\"vc_row wpb_row vc_row-fluid vc_row-606382b1f26c4\"><div class=\"wpb_column vc_column_container vc_col-sm-12 vc_row-69d2b3cbe825b\"><div class=\"vc_column-inner \"><div class=\"wpb_wrapper\">      <div class=\"heading-block heading-60637bec73a39 tac h-h5 vc_custom_1618675224391\">\n                  <h5 class=\"h\"><span>Pro\u010d a jak fot\u00edm<\/span><\/h5>\n              <\/div>\n    <\/div><\/div><\/div><\/div><div class=\"vc_row wpb_row vc_row-fluid vc_custom_1611081468010 vc_row-5fb1a44a93384 vc_row-has-fill\"><div class=\"wpb_column vc_column_container vc_col-sm-12 vc_row-601c597cd82f6\"><div class=\"vc_column-inner \"><div class=\"wpb_wrapper\">\n\t<div class=\"wpb_text_column wpb_content_element vc_custom_1713882473901\" >\n\t\t<div class=\"wpb_wrapper\">\n\t\t\t<p style=\"text-align: center;\"><span style=\"font-size: 18px;\">Narodil jsem se v Praze, ale ji\u017e v ml\u00e1d\u00ed jsem s rodi\u010di velmi r\u00e1d ut\u00edkal pry\u010d, do p\u0159\u00edrody za hranice m\u011bsta. P\u0159\u00edrodn\u00ed kr\u00e1sy i cestov\u00e1n\u00ed jsem si zamiloval. <\/span><span style=\"font-size: 18px;\">Asi mo\u017en\u00e1 proto je cestovatelsk\u00e1 a krajin\u00e1\u0159sk\u00e1 fotografie&nbsp;pro m\u011b pr\u00e1v\u011b tou pomyslnou jedni\u010dkou.<\/span><\/p>\n<p style=\"text-align: center;\"><span style=\"font-size: 18px;\">R\u00e1d pozn\u00e1v\u00e1m nov\u00e1 m\u00edsta, objevuji tamn\u00ed kr\u00e1sy p\u0159\u00edrody, ale tak\u00e9 se potk\u00e1v\u00e1m s lidmi, kte\u0159\u00ed tam \u017eij\u00ed. Sv\u00e9 z\u00e1\u017eitky a pocity se pak sna\u017e\u00edm prost\u0159ednictv\u00edm zachycen\u00fdch fotografi\u00ed prezentovat i ostatn\u00edm.<\/span><\/p>\n<p style=\"text-align: center;\"><span style=\"font-size: 18px;\">K fotografii m\u011b p\u0159ivedl m\u016fj t\u00e1ta, kter\u00fd byl a je velk\u00fdm fanou\u0161kem fotografie. B\u011bhem sv\u00e9 fotografick\u00e9 tvorby jsem nejprve vyst\u0159\u00eddal r\u016fzn\u00e9 analogov\u00e9 p\u0159\u00edstroje a vyzkou\u0161el si zpracov\u00e1n\u00ed analogov\u00fdch fotografi\u00ed v temn\u00e9 komo\u0159e, pozd\u011bji jsem pak podlehl fenom\u00e9nu digit\u00e1ln\u00ed techniky, kter\u00e1 mi v m\u00e9 pr\u00e1ci d\u00e1v\u00e1 v\u00edce tv\u016fr\u010d\u00ed volnosti, a to p\u0159edev\u0161\u00edm v postprocessu. V sou\u010dasn\u00e9 dob\u011b fotografuji fotoapar\u00e1ty zna\u010dky Canon a Fuji, ale pro v\u00fdsledn\u00fd dojem z fotografie to nen\u00ed to podstatn\u00e9. To hlavn\u00ed pro m\u011b je, jak fotografie p\u016fsob\u00ed na div\u00e1ka. V\u017edy se tedy sna\u017e\u00edm d\u00e1t fotografii n\u011bco nav\u00edc, n\u011bjakou p\u0159idanou hodnotu, kter\u00e1 by ji m\u011bla ud\u011blat jedine\u010dnou.<\/span><\/p>\n<p style=\"text-align: center;\"><span style=\"font-size: 18px;\">D\u00edky sv\u00e9 l\u00e1sce k fotografii jsem se sezn\u00e1mil se spoustou skv\u011bl\u00fdch fotograf\u016f a n\u011bkte\u0159\u00ed se stali i m\u00fdmi kamar\u00e1dy, p\u0159\u00e1teli. A to m\u011b p\u0159ivedlo i do pra\u017esk\u00e9ho <span style=\"color: #c48f56;\"><a style=\"color: #c48f56;\" href=\"http:\/\/fotoklubpcw.cz\" target=\"_blank\" rel=\"noopener\">Fotoklubu PCW<\/a><\/span>, jeho\u017e jsem od roku 2010 \u010dlenem.<\/span><\/p>\n\n\t\t<\/div>\n\t<\/div>\n<\/div><\/div><\/div><\/div><div class=\"vc_row wpb_row vc_row-fluid vc_row-660084307b132 vc_row-o-content-bottom vc_row-flex\"><div class=\"wpb_column vc_column_container vc_col-sm-12 vc_row-660084020b23d\"><div class=\"vc_column-inner vc_custom_1711309934174\"><div class=\"wpb_wrapper\">\n\t<div class=\"wpb_text_column wpb_content_element\" >\n\t\t<div class=\"wpb_wrapper\">\n\t\t\t<p style=\"text-align: center;\"><span style=\"font-family: 'arial black', sans-serif; color: #ffffff;\">SLEDUJTE M\u011a<\/span><\/p>\n\n\t\t<\/div>\n\t<\/div>\n<\/div><\/div><\/div><\/div>\n<\/div>","protected":false},"excerpt":{"rendered":"N\u011bco o mn\u011b V\u00edt\u00e1m V\u00e1s ve sv\u00e9 webov\u00e9 galerii &nbsp; Focen\u00ed je pro m\u011b od d\u011btstv\u00ed velk\u00fdm kon\u00ed\u010dkem. Fot\u00edm hlavn\u011b pro radost a v nejv\u011bt\u0161\u00ed m\u00ed\u0159e se v\u011bnuji fotografi\u00edm krajiny, focen\u00ed svateb, portr\u00e9t\u016f a fotodokumentaristice. Ve fotografii uplat\u0148uji klasick\u00e9 techniky, ale v postprocesu experimentuji i s jin\u00fdmi postupy jako jsou HDR fotografie, tvorba panoramat nebo [...]","protected":false},"author":1,"featured_media":0,"parent":0,"menu_order":0,"comment_status":"closed","ping_status":"closed","template":"","meta":{"_acf_changed":false,"ngg_post_thumbnail":0,"footnotes":""},"class_list":["post-2209","page","type-page","status-publish","hentry"],"acf":[],"_links":{"self":[{"href":"https:\/\/www.milanriha.cz\/cz\/wp-json\/wp\/v2\/pages\/2209","targetHints":{"allow":["GET"]}}],"collection":[{"href":"https:\/\/www.milanriha.cz\/cz\/wp-json\/wp\/v2\/pages"}],"about":[{"href":"https:\/\/www.milanriha.cz\/cz\/wp-json\/wp\/v2\/types\/page"}],"author":[{"embeddable":true,"href":"https:\/\/www.milanriha.cz\/cz\/wp-json\/wp\/v2\/users\/1"}],"replies":[{"embeddable":true,"href":"https:\/\/www.milanriha.cz\/cz\/wp-json\/wp\/v2\/comments?post=2209"}],"version-history":[{"count":9,"href":"https:\/\/www.milanriha.cz\/cz\/wp-json\/wp\/v2\/pages\/2209\/revisions"}],"predecessor-version":[{"id":7450,"href":"https:\/\/www.milanriha.cz\/cz\/wp-json\/wp\/v2\/pages\/2209\/revisions\/7450"}],"wp:attachment":[{"href":"https:\/\/www.milanriha.cz\/cz\/wp-json\/wp\/v2\/media?parent=2209"}],"curies":[{"name":"wp","href":"https:\/\/api.w.org\/{rel}","templated":true}]}}