{"id":3008,"date":"2020-12-16T18:01:27","date_gmt":"2020-12-16T17:01:27","guid":{"rendered":"http:\/\/www.milanriha.cz\/shopping-cart\/"},"modified":"2021-02-04T22:12:59","modified_gmt":"2021-02-04T21:12:59","slug":"shopping-cart","status":"publish","type":"page","link":"https:\/\/www.milanriha.cz\/cz\/shopping-cart\/","title":{"rendered":"N\u00e1kupn\u00ed ko\u0161\u00edk"},"content":{"rendered":"<div class=\"wpb-content-wrapper\"><div class=\"vc_row wpb_row vc_row-fluid vc_row-69d2b857e772b\"><div class=\"wpb_column vc_column_container vc_col-sm-12 vc_row-69d2b857e7d76\"><div class=\"vc_column-inner \"><div class=\"wpb_wrapper\">      <div class=\"heading-block heading-600df3e4b0af0 tac h-h1\">\n                  <h1 class=\"h\"><span>N\u00e1kupn\u00ed ko\u0161\u00edk<\/span><\/h1>\n              <\/div>\n    \n\t<div class=\"wpb_text_column wpb_content_element\" >\n\t\t<div class=\"wpb_wrapper\">\n\t\t\tngg_shortcode_0_placeholder\n\n\t\t<\/div>\n\t<\/div>\n<\/div><\/div><\/div><\/div>\n<\/div>","protected":false},"excerpt":{"rendered":"N\u00e1kupn\u00ed ko\u0161\u00edk Ulo\u017eit o\u0159ez Vypr\u00e1zdnit ko\u0161\u00edk Obr\u00e1zek Mno\u017estv\u00ed Popis obr\u00e1zku Cena Celkem Nep\u0159idali jste do ko\u0161\u00edku \u017e\u00e1dnou polo\u017eku. Cel\u00e9 Jm\u00e9no Email Adresa 1 Adresa 2 M\u011bsto Zem\u011b Omlouv\u00e1m se, ale jedna nebo v\u00edce polo\u017eek z va\u0161eho v\u00fdb\u011bru nem\u016f\u017ee b\u00fdt doru\u010dena do zvolen\u00e9 zem\u011b. St\u00e1t \/ Region PS\u010c Telefon Mezisou\u010det p\u0159ed slevou: Sleva: Mezisou\u010det: $0.00 Odeslat [...]","protected":false},"author":1,"featured_media":0,"parent":0,"menu_order":0,"comment_status":"closed","ping_status":"closed","template":"","meta":{"_acf_changed":false,"ngg_post_thumbnail":0,"footnotes":""},"class_list":["post-3008","page","type-page","status-publish","hentry"],"acf":[],"_links":{"self":[{"href":"https:\/\/www.milanriha.cz\/cz\/wp-json\/wp\/v2\/pages\/3008","targetHints":{"allow":["GET"]}}],"collection":[{"href":"https:\/\/www.milanriha.cz\/cz\/wp-json\/wp\/v2\/pages"}],"about":[{"href":"https:\/\/www.milanriha.cz\/cz\/wp-json\/wp\/v2\/types\/page"}],"author":[{"embeddable":true,"href":"https:\/\/www.milanriha.cz\/cz\/wp-json\/wp\/v2\/users\/1"}],"replies":[{"embeddable":true,"href":"https:\/\/www.milanriha.cz\/cz\/wp-json\/wp\/v2\/comments?post=3008"}],"version-history":[{"count":0,"href":"https:\/\/www.milanriha.cz\/cz\/wp-json\/wp\/v2\/pages\/3008\/revisions"}],"wp:attachment":[{"href":"https:\/\/www.milanriha.cz\/cz\/wp-json\/wp\/v2\/media?parent=3008"}],"curies":[{"name":"wp","href":"https:\/\/api.w.org\/{rel}","templated":true}]}}