{"id":3210,"date":"2021-01-09T18:24:47","date_gmt":"2021-01-09T17:24:47","guid":{"rendered":"http:\/\/www.milanriha.cz\/?page_id=3210"},"modified":"2024-03-26T22:54:00","modified_gmt":"2024-03-26T21:54:00","slug":"nabidka","status":"publish","type":"page","link":"https:\/\/www.milanriha.cz\/cz\/nabidka\/","title":{"rendered":"Nab\u00eddka fotografi\u00ed"},"content":{"rendered":"<div class=\"wpb-content-wrapper\"><section class=\"vc_section vc_section-\"><div class=\"vc_row wpb_row vc_row-fluid vc_row-601bd5a0be31b\"><div class=\"wpb_column vc_column_container vc_col-sm-12 vc_row-69d2ccbeb3b2c\"><div class=\"vc_column-inner \"><div class=\"wpb_wrapper\">      <div class=\"heading-block heading-601c45d4f9c66 tac h-h1\">\n                  <h1 class=\"h\"><span>Velkoform\u00e1tov\u00e9 tisky<\/span><\/h1>\n              <\/div>\n          <div class=\"heading-block heading-60187ced600ad tac h-h2 vc_custom_1612468489049\">\n                  <h2 class=\"h\">z v\u00e1mi vybran\u00fdch fotografi\u00ed<\/h2>\n              <\/div>\n    <\/div><\/div><\/div><\/div><\/section><div class=\"vc_row wpb_row vc_row-fluid vc_row-5fb1a44a93384\"><div class=\"wpb_column vc_column_container vc_col-sm-12 vc_row-5ff9eab82a4c1\"><div class=\"vc_column-inner vc_custom_1610217662350\"><div class=\"wpb_wrapper\">\n\t<div class=\"wpb_text_column wpb_content_element\" >\n\t\t<div class=\"wpb_wrapper\">\n\t\t\t<p><span style=\"font-size: 18px;\">Pokud se v\u00e1m l\u00edb\u00ed n\u011bjak\u00e1 fotografie z moj\u00ed galerie a p\u0159em\u00fd\u0161l\u00edte o mo\u017enosti v\u00fdzdoby va\u0161eho bytu nebo kancel\u00e1\u0159e touto fotkou, m\u016f\u017eete si j\u00ed zakoupit p\u0159\u00edmo b\u011bhem prohl\u00ed\u017een\u00ed zde v moj\u00ed&nbsp;<a href=\"https:\/\/www.milanriha.cz\/pt-portfolio\/gallery\/\">Galerii<\/a>. Po stisku ikony n\u00e1kupn\u00edho ko\u0161\u00edku pod fotkou se vpravo od fotky otev\u0159e mo\u017enost objedn\u00e1n\u00ed vybran\u00e9 fotografie. Ve va\u0161em pokoji by fotky mohly vypadat t\u0159eba takto<\/span><\/p>\n\n\t\t<\/div>\n\t<\/div>\n<\/div><\/div><\/div><\/div><div class=\"vc_row wpb_row vc_row-fluid vc_row-69d2ccbeb40ec\"><div class=\"wpb_column vc_column_container vc_col-sm-12 vc_row-69d2ccbeb41f8\"><div class=\"vc_column-inner \"><div class=\"wpb_wrapper\">\n\t<div class=\"wpb_text_column wpb_content_element\" >\n\t\t<div class=\"wpb_wrapper\">\n\t\t\tngg_shortcode_0_placeholder\n\n\t\t<\/div>\n\t<\/div>\n<\/div><\/div><\/div><\/div><div class=\"vc_row wpb_row vc_row-fluid vc_row-69d2ccbeb43fc\"><div class=\"wpb_column vc_column_container vc_col-sm-12 vc_row-69d2ccbeb44b7\"><div class=\"vc_column-inner \"><div class=\"wpb_wrapper\">\n\t<div class=\"wpb_text_column wpb_content_element\" >\n\t\t<div class=\"wpb_wrapper\">\n\t\t\t<p><span style=\"font-size: 18px;\"><span style=\"color: #c48f56;\">Nab\u00edz\u00edm vysokou variabilitu<\/span> materi\u00e1l\u016f, form\u00e1t\u016f a r\u00e1mov\u00e1n\u00ed tak, aby v\u00e1m vybran\u00e1 fotografie dlouho d\u011blala radost a p\u0159esn\u011b splnila va\u0161e po\u017eadavky. V p\u0159\u00edpad\u011b, \u017ee v\u00e1m nedosta\u010duje &#8220;standardizovan\u00e1 nab\u00eddka&#8221; rozm\u011br\u016f a materi\u00e1lu, m\u016f\u017eete m\u011b kontaktovat p\u0159es uveden\u00e9 odkazy nebo i telefonicky a v\u0161echny detaily dohodneme individu\u00e1ln\u011b <span style=\"color: #c48f56;\">dle va\u0161ich pot\u0159eb a p\u0159\u00e1n\u00ed<\/span>.<\/span><\/p>\n\n\t\t<\/div>\n\t<\/div>\n<\/div><\/div><\/div><\/div><div class=\"vc_row wpb_row vc_row-fluid vc_row-69d2ccbeb4623\"><div class=\"wpb_column vc_column_container vc_col-sm-12 vc_row-69d2ccbeb46dd\"><div class=\"vc_column-inner \"><div class=\"wpb_wrapper\">      <div class=\"heading-block heading-5ff9f61f11c0a tac h-h5 with-line\">\n                  <h5 class=\"h\">Nej\u010dast\u011bj\u0161\u00ed varianty tisku fotografi\u00ed a jejich adjustace<\/h5>\n              <\/div>\n    <\/div><\/div><\/div><\/div><div class=\"vc_row wpb_row vc_row-fluid vc_row-69d2ccbeb47d6\"><div class=\"wpb_column vc_column_container vc_col-sm-6 vc_row-69d2ccbeb48f3\"><div class=\"vc_column-inner vc_custom_1610217662350\"><div class=\"wpb_wrapper\">\n\t<div class=\"wpb_text_column wpb_content_element\" >\n\t\t<div class=\"wpb_wrapper\">\n\t\t\t<p><span style=\"color: #c48f56; font-size: 20px;\"><strong>TISK PAP\u00cdR &#8211; Adjustace na pevnou desku<\/strong><\/span><\/p>\n\n\t\t<\/div>\n\t<\/div>\n\n\t<div class=\"wpb_raw_code wpb_raw_html wpb_content_element\" >\n\t\t<div class=\"wpb_wrapper\">\n\t\t\t<style>\n#more {display: none;}\n<\/style>\n\n<script>\nfunction myFunction() {\n  var dots = document.getElementById(\"dots\");\n  var moreText = document.getElementById(\"more\");\n  var btnText = document.getElementById(\"myBtn\");\n\n  if (dots.style.display === \"none\") {\n    dots.style.display = \"inline\";\n    btnText.innerHTML = \"\u010c\u00edst v\u00edce\"; \n    moreText.style.display = \"none\";\n  } else {\n    dots.style.display = \"none\";\n    btnText.innerHTML = \"\u010c\u00edst m\u00e9n\u011b\"; \n    moreText.style.display = \"inline\";\n  }\n}\n<\/script>\n\n<p><span style=\"font-size:18px\">Profesion\u00e1ln\u00ed tisk na pap\u00edr, kdy je v\u00fdsledn\u00e1 fotografie opat\u0159ena matnou UV laminac\u00ed a je nalepena na pevnou desku Forex, Forex Smart nebo Dibond (sendvi\u010dov\u00e1 deska nejvy\u0161\u0161\u00ed kvality), kter\u00e9 zaru\u010duj\u00ed v\u00fdsledn\u00e9 fotografii pevnost a tvarovou st\u00e1lost.<\/span><span id=\"dots\">...<\/span><span id=\"more\">\n<br><span style=\"font-size:18px\">Jde bu\u010f o digit\u00e1ln\u00ed tisk \/ tj. Pigmentov\u00fd tisk Epson P20000 na Fine Artov\u00e9 pap\u00edry (Hahnem\u00fchle nebo Rauch), kdy tisky mohou b\u00fdt a\u017e do \u0161\u00ed\u0159e role 150 cm a dosahuj\u00ed vysok\u00e9 \u017eivotnosti i v exteri\u00e9ru,\na nebo o p\u0159\u00edm\u00fd osvit klasick\u00e9ho fotografick\u00e9ho pap\u00edru (Fujicolor Crystal Archive mat \/ lesk) pomoc\u00ed velkoform\u00e1tov\u00e9 osvitov\u00e9 jednotky (Chromira ZBE) kdy je fotografie zpracov\u00e1na chemick\u00fdm procesem, kde v\u00fdsledkem jsou klasick\u00e9 fotografie do rozm\u011bru krat\u0161\u00ed strany a\u017e 125 cm.<\/span><\/span><\/p>\n<button class=\"mujButton\" onclick=\"myFunction()\" id=\"myBtn\">\u010c\u00edst v\u00edce<\/button>\n\t\t<\/div>\n\t<\/div>\n\n\t<div class=\"wpb_text_column wpb_content_element\" >\n\t\t<div class=\"wpb_wrapper\">\n\t\t\t<p><span style=\"font-size: 18px;\">Ceny u fotografi\u00ed jsou uvedeny pro nejlevn\u011bj\u0161\u00ed variantu tisku, tedy osvit + z\u00e1kladn\u00ed pap\u00edr Fujicolor Crystal + laminace + deska Forex. Pro kvalitn\u011bj\u0161\u00ed tisky bude cena stanovena dohodou dle pou\u017eit\u00e9 varianty.<\/span><\/p>\n\n\t\t<\/div>\n\t<\/div>\n<\/div><\/div><\/div><div class=\"wpb_column vc_column_container vc_col-sm-6 vc_row-69d2ccbeb4d2c\"><div class=\"vc_column-inner \"><div class=\"wpb_wrapper\"><div class=\"vc_row wpb_row vc_inner vc_row-fluid\"><div class=\"wpb_column vc_column_container vc_col-sm-12\"><div class=\"vc_column-inner\"><div class=\"wpb_wrapper\">\n\t<div  class=\"wpb_single_image wpb_content_element vc_align_center wpb_content_element\">\n\t\t\n\t\t<figure class=\"wpb_wrapper vc_figure\">\n\t\t\t<div class=\"vc_single_image-wrapper   vc_box_border_grey\"><img fetchpriority=\"high\" decoding=\"async\" width=\"800\" height=\"400\" src=\"https:\/\/www.milanriha.cz\/wp-content\/uploads\/2021\/01\/Picture_Print_Adjust.png\" class=\"vc_single_image-img attachment-full\" alt=\"\" title=\"Picture_Print_Adjust\" srcset=\"https:\/\/www.milanriha.cz\/wp-content\/uploads\/2021\/01\/Picture_Print_Adjust.png 800w, https:\/\/www.milanriha.cz\/wp-content\/uploads\/2021\/01\/Picture_Print_Adjust-300x150.png 300w, https:\/\/www.milanriha.cz\/wp-content\/uploads\/2021\/01\/Picture_Print_Adjust-768x384.png 768w, https:\/\/www.milanriha.cz\/wp-content\/uploads\/2021\/01\/Picture_Print_Adjust-16x8.png 16w, https:\/\/www.milanriha.cz\/wp-content\/uploads\/2021\/01\/Picture_Print_Adjust-70x35.png 70w\" sizes=\"(max-width: 800px) 100vw, 800px\" \/><\/div>\n\t\t<\/figure>\n\t<\/div>\n\n\t<div class=\"wpb_text_column wpb_content_element\" >\n\t\t<div class=\"wpb_wrapper\">\n\t\t\t<table style=\"width: 100%; border-collapse: collapse; border-style: dotted; border-color: c48f56;\" border=\"1\">\n<caption><span style=\"color: #c48f56; font-size: 18px;\">Orienta\u010dn\u00ed cena pro z\u00e1kladn\u00ed rozm\u011br&nbsp;<\/span><\/caption>\n<tbody>\n<tr>\n<td style=\"width: 50%;\"><span style=\"font-size: 18px;\">Rozm\u011br<\/span><\/td>\n<td style=\"width: 50%;\"><span style=\"font-size: 18px;\">Cena<\/span><\/td>\n<\/tr>\n<tr>\n<td style=\"width: 50%;\"><span style=\"font-size: 18px;\">60&#215;40 cm<\/span><\/td>\n<td style=\"width: 50%;\"><span style=\"font-size: 18px;\">1.980,-<\/span><\/td>\n<\/tr>\n<\/tbody>\n<\/table>\n\n\t\t<\/div>\n\t<\/div>\n<\/div><\/div><\/div><\/div><\/div><\/div><\/div><\/div><div class=\"vc_row wpb_row vc_row-fluid vc_row-69d2ccbeb5d34\"><div class=\"wpb_column vc_column_container vc_col-sm-12 vc_row-69d2ccbeb5e36\"><div class=\"vc_column-inner \"><div class=\"wpb_wrapper\"><div class=\"vc_separator wpb_content_element vc_separator_align_center vc_sep_width_100 vc_sep_dashed vc_sep_pos_align_center vc_separator_no_text vc_sep_color_orange wpb_content_element  wpb_content_element\" ><span class=\"vc_sep_holder vc_sep_holder_l\"><span class=\"vc_sep_line\"><\/span><\/span><span class=\"vc_sep_holder vc_sep_holder_r\"><span class=\"vc_sep_line\"><\/span><\/span>\n<\/div><\/div><\/div><\/div><\/div><div class=\"vc_row wpb_row vc_row-fluid vc_row-69d2ccbeb62d0\"><div class=\"wpb_column vc_column_container vc_col-sm-6 vc_row-69d2ccbeb63e1\"><div class=\"vc_column-inner \"><div class=\"wpb_wrapper\">\n\t<div  class=\"wpb_single_image wpb_content_element vc_align_left wpb_content_element\">\n\t\t\n\t\t<figure class=\"wpb_wrapper vc_figure\">\n\t\t\t<div class=\"vc_single_image-wrapper   vc_box_border_grey\"><img decoding=\"async\" width=\"800\" height=\"400\" src=\"https:\/\/www.milanriha.cz\/wp-content\/uploads\/2021\/01\/Picture_Print_Canvas.png\" class=\"vc_single_image-img attachment-full\" alt=\"\" title=\"Picture_Print_Canvas\" srcset=\"https:\/\/www.milanriha.cz\/wp-content\/uploads\/2021\/01\/Picture_Print_Canvas.png 800w, https:\/\/www.milanriha.cz\/wp-content\/uploads\/2021\/01\/Picture_Print_Canvas-300x150.png 300w, https:\/\/www.milanriha.cz\/wp-content\/uploads\/2021\/01\/Picture_Print_Canvas-768x384.png 768w, https:\/\/www.milanriha.cz\/wp-content\/uploads\/2021\/01\/Picture_Print_Canvas-16x8.png 16w, https:\/\/www.milanriha.cz\/wp-content\/uploads\/2021\/01\/Picture_Print_Canvas-70x35.png 70w\" sizes=\"(max-width: 800px) 100vw, 800px\" \/><\/div>\n\t\t<\/figure>\n\t<\/div>\n\n\t<div class=\"wpb_text_column wpb_content_element\" >\n\t\t<div class=\"wpb_wrapper\">\n\t\t\t<table style=\"width: 100%; border-collapse: collapse; border-style: dotted; border-color: c48f56;\" border=\"1\">\n<caption><span style=\"color: #c48f56; font-size: 18px;\">Orienta\u010dn\u00ed cena pro z\u00e1kladn\u00ed rozm\u011br&nbsp;<\/span><\/caption>\n<tbody>\n<tr>\n<td style=\"width: 50%;\"><span style=\"font-size: 18px;\">Rozm\u011br<\/span><\/td>\n<td style=\"width: 50%;\"><span style=\"font-size: 18px;\">Cena<\/span><\/td>\n<\/tr>\n<tr>\n<td style=\"width: 50%;\"><span style=\"font-size: 18px;\">60&#215;40 cm<\/span><\/td>\n<td style=\"width: 50%;\"><span style=\"font-size: 18px;\">1.980,-<\/span><\/td>\n<\/tr>\n<\/tbody>\n<\/table>\n\n\t\t<\/div>\n\t<\/div>\n<\/div><\/div><\/div><div class=\"wpb_column vc_column_container vc_col-sm-6 vc_row-69d2ccbeb69d5\"><div class=\"vc_column-inner \"><div class=\"wpb_wrapper\">\n\t<div class=\"wpb_text_column wpb_content_element\" >\n\t\t<div class=\"wpb_wrapper\">\n\t\t\t<p><span style=\"color: #c48f56; font-size: 20px;\"><strong>TISK PL\u00c1TNO &#8211; Adjustace na skryt\u00fd r\u00e1m<\/strong><\/span><\/p>\n<p><span style=\"font-size: 18px;\">Profesion\u00e1ln\u00ed tisk na pl\u00e1tno Canvas Como Pro Bright White s gram\u00e1\u017e\u00ed 340g m^2, kdy je v\u00fdsledn\u00e1 fotografie vypnuta na d\u0159ev\u011bn\u00fd kl\u00ednov\u00fd r\u00e1m s profilem v \u0159ezu 42&#215;19 nebo 40&#215;40 mm.<\/span><br \/>\n<span style=\"font-size: 18px;\">Z d\u016fvodu r\u00e1mov\u00e1n\u00ed je k vybran\u00e9 fotografii p\u0159id\u00e1n pot\u0159ebn\u00fd okraj tak, aby v\u00fdsledn\u00fd rozm\u011br fotografie byl zachov\u00e1n a pohledov\u00e1 strana z\u016fstala bez o\u0159ezu.<\/span><\/p>\n\n\t\t<\/div>\n\t<\/div>\n<\/div><\/div><\/div><\/div><div class=\"vc_row wpb_row vc_row-fluid vc_row-69d2ccbeb6b5e\"><div class=\"wpb_column vc_column_container vc_col-sm-12 vc_row-69d2ccbeb6c13\"><div class=\"vc_column-inner \"><div class=\"wpb_wrapper\"><div class=\"vc_separator wpb_content_element vc_separator_align_center vc_sep_width_100 vc_sep_dotted vc_sep_pos_align_center vc_separator_no_text vc_sep_color_orange wpb_content_element  wpb_content_element\" ><span class=\"vc_sep_holder vc_sep_holder_l\"><span class=\"vc_sep_line\"><\/span><\/span><span class=\"vc_sep_holder vc_sep_holder_r\"><span class=\"vc_sep_line\"><\/span><\/span>\n<\/div><\/div><\/div><\/div><\/div><div class=\"vc_row wpb_row vc_row-fluid vc_row-69d2ccbeb6dd3\"><div class=\"wpb_column vc_column_container vc_col-sm-6 vc_row-69d2ccbeb6ea1\"><div class=\"vc_column-inner \"><div class=\"wpb_wrapper\">\n\t<div class=\"wpb_text_column wpb_content_element\" >\n\t\t<div class=\"wpb_wrapper\">\n\t\t\t<p><span style=\"color: #c48f56; font-size: 20px;\"><strong>TISK V R\u00c1MU &#8211; Adjustace na pevnou desku se zar\u00e1mov\u00e1n\u00edm<\/strong><\/span><\/p>\n<p><span style=\"font-size: 18px;\">Profesion\u00e1ln\u00ed tisk na pap\u00edr, stejn\u00fd jako v p\u0159\u00edpad\u011b tisku bez or\u00e1mov\u00e1n\u00ed.<\/span><br \/>\n<span style=\"font-size: 18px;\">V\u00fdsledn\u00e1 fotografie je v\u0161ak vlo\u017een\u00e1 do elegantn\u00edho hlin\u00edkov\u00e9ho r\u00e1mu Nielsen v profilu a barevn\u00e9m proveden\u00ed dle v\u00fdb\u011bru.<\/span><br \/>\n<span style=\"font-size: 18px;\">Jedn\u00e1 se o velmi elegantn\u00ed v\u00fdslednou prezentaci.<\/span><\/p>\n<p><span style=\"font-size: 18px;\">Ceny u fotografi\u00ed jsou uvedeny pro nejlevn\u011bj\u0161\u00ed variantu tisku, tedy osvit + z\u00e1kladn\u00ed pap\u00edr Fujicolor Crystal + laminace + deska Forex + z\u00e1kladn\u00ed profil r\u00e1mu Nielsen. Pro kvalitn\u011bj\u0161\u00ed tisky nebo dra\u017e\u0161\u00ed varianty r\u00e1mu bude cena stanovena dohodou dle pou\u017eit\u00e9 varianty.<\/span><\/p>\n\n\t\t<\/div>\n\t<\/div>\n<\/div><\/div><\/div><div class=\"wpb_column vc_column_container vc_col-sm-6 vc_row-5ffb86047c7ab\"><div class=\"vc_column-inner \"><div class=\"wpb_wrapper\">\n\t<div  class=\"wpb_single_image wpb_content_element vc_align_left wpb_content_element vc_custom_1610319414866\">\n\t\t\n\t\t<figure class=\"wpb_wrapper vc_figure\">\n\t\t\t<div class=\"vc_single_image-wrapper   vc_box_border_grey\"><img decoding=\"async\" width=\"800\" height=\"400\" src=\"https:\/\/www.milanriha.cz\/wp-content\/uploads\/2021\/01\/Picture_Print_Framed.png\" class=\"vc_single_image-img attachment-full\" alt=\"\" title=\"Picture_Print_Framed\" srcset=\"https:\/\/www.milanriha.cz\/wp-content\/uploads\/2021\/01\/Picture_Print_Framed.png 800w, https:\/\/www.milanriha.cz\/wp-content\/uploads\/2021\/01\/Picture_Print_Framed-300x150.png 300w, https:\/\/www.milanriha.cz\/wp-content\/uploads\/2021\/01\/Picture_Print_Framed-768x384.png 768w, https:\/\/www.milanriha.cz\/wp-content\/uploads\/2021\/01\/Picture_Print_Framed-16x8.png 16w, https:\/\/www.milanriha.cz\/wp-content\/uploads\/2021\/01\/Picture_Print_Framed-70x35.png 70w\" sizes=\"(max-width: 800px) 100vw, 800px\" \/><\/div>\n\t\t<\/figure>\n\t<\/div>\n\n\t<div class=\"wpb_text_column wpb_content_element\" >\n\t\t<div class=\"wpb_wrapper\">\n\t\t\t<table style=\"width: 100%; border-collapse: collapse; border-style: dotted; border-color: c48f56;\" border=\"1\">\n<caption><span style=\"color: #c48f56; font-size: 18px;\">Orienta\u010dn\u00ed cena pro z\u00e1kladn\u00ed rozm\u011br&nbsp;<\/span><\/caption>\n<tbody>\n<tr>\n<td style=\"width: 50%;\"><span style=\"font-size: 18px;\">Rozm\u011br<\/span><\/td>\n<td style=\"width: 50%;\"><span style=\"font-size: 18px;\">Cena<\/span><\/td>\n<\/tr>\n<tr>\n<td style=\"width: 50%;\"><span style=\"font-size: 18px;\">60&#215;40 cm<\/span><\/td>\n<td style=\"width: 50%;\"><span style=\"font-size: 18px;\">2.480,-<\/span><\/td>\n<\/tr>\n<\/tbody>\n<\/table>\n\n\t\t<\/div>\n\t<\/div>\n<\/div><\/div><\/div><\/div><div class=\"vc_row wpb_row vc_row-fluid vc_row-69d2ccbeb7606\"><div class=\"wpb_column vc_column_container vc_col-sm-12 vc_row-69d2ccbeb76c1\"><div class=\"vc_column-inner \"><div class=\"wpb_wrapper\"><div class=\"vc_separator wpb_content_element vc_separator_align_center vc_sep_width_100 vc_sep_dotted vc_sep_pos_align_center vc_separator_no_text vc_sep_color_orange wpb_content_element  wpb_content_element\" ><span class=\"vc_sep_holder vc_sep_holder_l\"><span class=\"vc_sep_line\"><\/span><\/span><span class=\"vc_sep_holder vc_sep_holder_r\"><span class=\"vc_sep_line\"><\/span><\/span>\n<\/div><\/div><\/div><\/div><\/div><div class=\"vc_row wpb_row vc_row-fluid vc_row-69d2ccbeb7879\"><div class=\"wpb_column vc_column_container vc_col-sm-6 vc_row-69d2ccbeb7964\"><div class=\"vc_column-inner \"><div class=\"wpb_wrapper\">\n\t<div  class=\"wpb_single_image wpb_content_element vc_align_left wpb_content_element\">\n\t\t\n\t\t<figure class=\"wpb_wrapper vc_figure\">\n\t\t\t<div class=\"vc_single_image-wrapper   vc_box_border_grey\"><img loading=\"lazy\" decoding=\"async\" width=\"800\" height=\"400\" src=\"https:\/\/www.milanriha.cz\/wp-content\/uploads\/2021\/01\/Picture_Print_Pryskyrice.png\" class=\"vc_single_image-img attachment-full\" alt=\"\" title=\"Picture_Print_Pryskyrice\" srcset=\"https:\/\/www.milanriha.cz\/wp-content\/uploads\/2021\/01\/Picture_Print_Pryskyrice.png 800w, https:\/\/www.milanriha.cz\/wp-content\/uploads\/2021\/01\/Picture_Print_Pryskyrice-300x150.png 300w, https:\/\/www.milanriha.cz\/wp-content\/uploads\/2021\/01\/Picture_Print_Pryskyrice-768x384.png 768w, https:\/\/www.milanriha.cz\/wp-content\/uploads\/2021\/01\/Picture_Print_Pryskyrice-16x8.png 16w, https:\/\/www.milanriha.cz\/wp-content\/uploads\/2021\/01\/Picture_Print_Pryskyrice-70x35.png 70w\" sizes=\"(max-width: 800px) 100vw, 800px\" \/><\/div>\n\t\t<\/figure>\n\t<\/div>\n\n\t<div class=\"wpb_text_column wpb_content_element\" >\n\t\t<div class=\"wpb_wrapper\">\n\t\t\t<p style=\"text-align: center;\"><span style=\"font-size: 18px; color: #c48f56;\">Ceny u tohoto proveden\u00ed jsou v\u017edy stanoveny dohodou<\/span><\/p>\n\n\t\t<\/div>\n\t<\/div>\n<\/div><\/div><\/div><div class=\"wpb_column vc_column_container vc_col-sm-6 vc_row-69d2ccbeb80c8\"><div class=\"vc_column-inner \"><div class=\"wpb_wrapper\">\n\t<div class=\"wpb_text_column wpb_content_element\" >\n\t\t<div class=\"wpb_wrapper\">\n\t\t\t<p><span style=\"font-size: 20px;\"><strong><span style=\"color: #c48f56;\">TISK PRYSKY\u0158ICE \u2013 Fotografie pod prysky\u0159ic\u00ed<\/span><\/strong><\/span><\/p>\n<p><span style=\"font-size: 18px;\">Profesion\u00e1ln\u00ed tisk na pap\u00edr, kdy v\u00fdsledn\u00e1 fografie je ka\u0161\u00edrovan\u00e1 na desku Dibond 3mm, opat\u0159ena aluminiov\u00fdm z\u00e1v\u011bsn\u00fdm r\u00e1mem a zalita speci\u00e1ln\u00ed UV stabilizovanou a \u010dirou prysky\u0159ic\u00ed Art Resin.<\/span><br \/>\n<span style=\"font-size: 18px;\">V\u00fdsledkem je velice efektn\u00ed leskl\u00fd povrch, kter\u00fd fotografii dod\u00e1v\u00e1 vysokou hloubku, barevnost a ostrost.<\/span><br \/>\n<span style=\"font-size: 18px;\">Takto upravenou fotografii je mo\u017en\u00e9 d\u00e1le nalepit na d\u0159ev\u011bn\u00fd sokl\u00edk (2-5 cm s barevnost\u00ed dle p\u0159\u00e1n\u00ed)<\/span><\/p>\n\n\t\t<\/div>\n\t<\/div>\n<\/div><\/div><\/div><\/div><div class=\"vc_row wpb_row vc_row-fluid vc_row-69d2ccbeb8302\"><div class=\"wpb_column vc_column_container vc_col-sm-12 vc_row-604a76283e142\"><div class=\"vc_column-inner vc_custom_1615492657095\"><div class=\"wpb_wrapper\">      <div class=\"button-container button-601ce8eff024f center\">\n        <a class=\"button-style1\" href=\"http:\/\/www.milanriha.cz\/pt-portfolio\/gallery\/\" target=\"_self\">\n          <span>Pokra\u010dovat k n\u00e1kupu do Galerie<\/span>\n        <\/a>\n      <\/div>\n    <\/div><\/div><\/div><\/div><div class=\"vc_row wpb_row vc_row-fluid vc_custom_1711310341228 vc_row-66008545423d7 vc_row-o-content-bottom vc_row-flex\"><div class=\"wpb_column vc_column_container vc_col-sm-12 vc_row-66008536ae004\"><div class=\"vc_column-inner vc_custom_1711310261717\"><div class=\"wpb_wrapper\">\n\t<div class=\"wpb_text_column wpb_content_element\" >\n\t\t<div class=\"wpb_wrapper\">\n\t\t\t<p style=\"text-align: center;\"><span style=\"font-family: 'arial black', sans-serif; color: #ffffff;\">SLEDUJTE M\u011a<\/span><\/p>\n\n\t\t<\/div>\n\t<\/div>\n<\/div><\/div><\/div><\/div>\n<\/div>","protected":false},"excerpt":{"rendered":"Velkoform\u00e1tov\u00e9 tisky z v\u00e1mi vybran\u00fdch fotografi\u00ed Pokud se v\u00e1m l\u00edb\u00ed n\u011bjak\u00e1 fotografie z moj\u00ed galerie a p\u0159em\u00fd\u0161l\u00edte o mo\u017enosti v\u00fdzdoby va\u0161eho bytu nebo kancel\u00e1\u0159e touto fotkou, m\u016f\u017eete si j\u00ed zakoupit p\u0159\u00edmo b\u011bhem prohl\u00ed\u017een\u00ed zde v moj\u00ed&nbsp;Galerii. Po stisku ikony n\u00e1kupn\u00edho ko\u0161\u00edku pod fotkou se vpravo od fotky otev\u0159e mo\u017enost objedn\u00e1n\u00ed vybran\u00e9 fotografie. Ve va\u0161em pokoji [...]","protected":false},"author":1,"featured_media":0,"parent":0,"menu_order":0,"comment_status":"closed","ping_status":"closed","template":"","meta":{"_acf_changed":false,"ngg_post_thumbnail":0,"footnotes":""},"class_list":["post-3210","page","type-page","status-publish","hentry"],"acf":[],"_links":{"self":[{"href":"https:\/\/www.milanriha.cz\/cz\/wp-json\/wp\/v2\/pages\/3210","targetHints":{"allow":["GET"]}}],"collection":[{"href":"https:\/\/www.milanriha.cz\/cz\/wp-json\/wp\/v2\/pages"}],"about":[{"href":"https:\/\/www.milanriha.cz\/cz\/wp-json\/wp\/v2\/types\/page"}],"author":[{"embeddable":true,"href":"https:\/\/www.milanriha.cz\/cz\/wp-json\/wp\/v2\/users\/1"}],"replies":[{"embeddable":true,"href":"https:\/\/www.milanriha.cz\/cz\/wp-json\/wp\/v2\/comments?post=3210"}],"version-history":[{"count":5,"href":"https:\/\/www.milanriha.cz\/cz\/wp-json\/wp\/v2\/pages\/3210\/revisions"}],"predecessor-version":[{"id":7344,"href":"https:\/\/www.milanriha.cz\/cz\/wp-json\/wp\/v2\/pages\/3210\/revisions\/7344"}],"wp:attachment":[{"href":"https:\/\/www.milanriha.cz\/cz\/wp-json\/wp\/v2\/media?parent=3210"}],"curies":[{"name":"wp","href":"https:\/\/api.w.org\/{rel}","templated":true}]}}