{"id":3329,"date":"2021-01-11T23:58:31","date_gmt":"2021-01-11T22:58:31","guid":{"rendered":"http:\/\/www.milanriha.cz\/?page_id=3329"},"modified":"2025-12-04T19:11:37","modified_gmt":"2025-12-04T18:11:37","slug":"nabidka-kalendaru","status":"publish","type":"page","link":"https:\/\/www.milanriha.cz\/cz\/nabidka-kalendaru\/","title":{"rendered":"Nab\u00eddka kalend\u00e1\u0159\u016f"},"content":{"rendered":"<div class=\"wpb-content-wrapper\"><div class=\"vc_row wpb_row vc_row-fluid vc_row-69d2c922ec025\"><div class=\"wpb_column vc_column_container vc_col-sm-12 vc_row-69d2c922ec6ce\"><div class=\"vc_column-inner \"><div class=\"wpb_wrapper\">      <div class=\"heading-block heading-5fb1a5b9ff08f tac h-h1\">\n                  <h1 class=\"h\"><span>Velkoform\u00e1tov\u00fd n\u00e1st\u011bnn\u00fd kalend\u00e1\u0159<\/span><\/h1>\n              <\/div>\n          <div class=\"heading-block heading-601c4c5b5fabc tac h-h2 vc_custom_1612468660523\">\n                  <h2 class=\"h\">z cestovatelsk\u00fdch fotografi\u00ed<\/h2>\n              <\/div>\n    <\/div><\/div><\/div><\/div><div class=\"vc_row wpb_row vc_row-fluid vc_row-69d2c922ec8be\"><div class=\"wpb_column vc_column_container vc_col-sm-12 vc_row-601c4d037dffc\"><div class=\"vc_column-inner vc_custom_1612467464865\"><div class=\"wpb_wrapper\">\n\t<div class=\"wpb_text_column wpb_content_element\" >\n\t\t<div class=\"wpb_wrapper\">\n\t\t\t<p class=\"western\" style=\"text-align: left;\" align=\"left\"><span style=\"font-size: 18px;\">Ji\u017e \u0159adu let vyd\u00e1v\u00e1me s br\u00e1chou velkoform\u00e1tov\u00fd n\u00e1st\u011bnn\u00fd kalend\u00e1\u0159, kter\u00fd nab\u00edz\u00edme k prodeji jak jednotlivc\u016fm, tak i firm\u00e1m, kter\u00e9 kalend\u00e1\u0159 pou\u017e\u00edvaj\u00ed jako <span style=\"color: #c48f56;\">firemn\u00ed d\u00e1rek<\/span>. Ka\u017ed\u00fd rok se soust\u0159ed\u00edme na v\u00fdb\u011br t\u011bch nejlep\u0161\u00edch fotografi\u00ed z na\u0161ich cest, ale tak\u00e9 na <span style=\"color: #c48f56;\">unik\u00e1tn\u00ed grafickou \u00fapravu<\/span>, kter\u00e1 odr\u00e1\u017e\u00ed n\u00e1m\u011bt konkr\u00e9tn\u00edho kalend\u00e1\u0159e.<\/span><\/p>\n\n\t\t<\/div>\n\t<\/div>\n<\/div><\/div><\/div><\/div><div class=\"vc_row wpb_row vc_row-fluid vc_row-601c4db763d38\"><div class=\"wpb_column vc_column_container vc_col-sm-12 vc_row-69d2c922ecdb8\"><div class=\"vc_column-inner \"><div class=\"wpb_wrapper\">\n\t<div  class=\"wpb_single_image wpb_content_element vc_align_center wpb_content_element\">\n\t\t\n\t\t<figure class=\"wpb_wrapper vc_figure\">\n\t\t\t<a href=\"https:\/\/www.milanriha.cz\/wp-content\/uploads\/2025\/12\/kalendar-2026.pdf\" target=\"_blank\" class=\"vc_single_image-wrapper   vc_box_border_grey\"><img fetchpriority=\"high\" decoding=\"async\" width=\"900\" height=\"636\" src=\"https:\/\/www.milanriha.cz\/wp-content\/uploads\/2025\/12\/2026_titulka.jpg\" class=\"vc_single_image-img attachment-full\" alt=\"\" title=\"2026_titulka\" srcset=\"https:\/\/www.milanriha.cz\/wp-content\/uploads\/2025\/12\/2026_titulka.jpg 900w, https:\/\/www.milanriha.cz\/wp-content\/uploads\/2025\/12\/2026_titulka-300x212.jpg 300w, https:\/\/www.milanriha.cz\/wp-content\/uploads\/2025\/12\/2026_titulka-768x543.jpg 768w, https:\/\/www.milanriha.cz\/wp-content\/uploads\/2025\/12\/2026_titulka-18x12.jpg 18w, https:\/\/www.milanriha.cz\/wp-content\/uploads\/2025\/12\/2026_titulka-70x49.jpg 70w, https:\/\/www.milanriha.cz\/wp-content\/uploads\/2025\/12\/2026_titulka-600x424.jpg 600w\" sizes=\"(max-width: 900px) 100vw, 900px\" \/><\/a>\n\t\t<\/figure>\n\t<\/div>\n<\/div><\/div><\/div><\/div><div class=\"vc_row wpb_row vc_row-fluid vc_row-69d2c922ed67f\"><div class=\"wpb_column vc_column_container vc_col-sm-12 vc_row-69d2c922ed781\"><div class=\"vc_column-inner \"><div class=\"wpb_wrapper\">\n\t<div class=\"wpb_raw_code wpb_raw_html wpb_content_element\" >\n\t\t<div class=\"wpb_wrapper\">\n\t\t\t<style>\n#more {display: none;}\n<\/style>\n\n<script>\nfunction myFunction() {\n  var dots = document.getElementById(\"dots\");\n  var moreText = document.getElementById(\"more\");\n  var btnText = document.getElementById(\"myBtn\");\n\n  if (dots.style.display === \"none\") {\n    dots.style.display = \"inline\";\n    btnText.innerHTML = \"\u010c\u00edst v\u00edce\"; \n    moreText.style.display = \"none\";\n  } else {\n    dots.style.display = \"none\";\n    btnText.innerHTML = \"\u010c\u00edst m\u00e9n\u011b\"; \n    moreText.style.display = \"inline\";\n  }\n}\n<\/script>\n\n<p><span style=\"font-size:18px\">Na grafick\u00e9 \u010d\u00e1sti spolupracujeme s kamar\u00e1dem, fotografem a grafikem Ji\u0159\u00edm Vondr\u00e1kem.<\/span><span id=\"dots\">...<\/span><span id=\"more\">\n<br><span style=\"font-size:18px\">Retailov\u00e1 verze kalend\u00e1\u0159e m\u00e1 zadn\u00ed pevnou podlo\u017eku stejn\u011b dlouhou jako jsou jednotliv\u00e9 listy kalend\u00e1ria, ta firemn\u00ed m\u00e1 pak podlo\u017eku prodlou\u017eenou a jde na n\u00ed <\/span><span style=\"color:#c48f56;font-size:18px\">dotisknout firemn\u00ed logo nebo slogan<\/span>.<br><br>\n\n<span style=\"font-weight:bold;font-size:1.5em\">Parametry kalend\u00e1\u0159e:<\/span><br>\n<span style=\"font-size:18px\">Form\u00e1t: A2 (420x594 mm)<br>Vazba na \u0161irok\u00e9 stran\u011b<br>13 list\u016f kalend\u00e1ria + pevn\u00e1 kartonov\u00e1 podlo\u017eka<br>Pap\u00edr: K\u0159\u00edda matn\u00e1 200g<br>Povrch fotografi\u00ed o\u0161et\u0159en\u00fd disperzn\u00edm matn\u00fdm lakem<\/span><\/span><\/p>\n<button class=\"mujButton\" onclick=\"myFunction()\" id=\"myBtn\">\u010c\u00edst v\u00edce<\/button>\n\t\t<\/div>\n\t<\/div>\n\n\t<div class=\"wpb_text_column wpb_content_element\" >\n\t\t<div class=\"wpb_wrapper\">\n\t\t\t<p><span style=\"font-size: 18px;\">V p\u0159\u00edpad\u011b z\u00e1jmu o koupi kalend\u00e1\u0159e na n\u00e1sleduj\u00edc\u00ed rok m\u011b nev\u00e1hejte <strong><a href=\"http:\/\/www.milanriha.cz\/kontakt\/\">Kontaktovat.<\/a><\/strong><\/span><\/p>\n\n\t\t<\/div>\n\t<\/div>\n<\/div><\/div><\/div><\/div><div class=\"vc_row wpb_row vc_row-fluid vc_row-69d2c922edb51\"><div class=\"wpb_column vc_column_container vc_col-sm-12 vc_row-600483381d829\"><div class=\"vc_column-inner vc_custom_1610908477952\"><div class=\"wpb_wrapper\"><div class=\"vc_separator wpb_content_element vc_separator_align_center vc_sep_width_100 vc_sep_dotted vc_sep_pos_align_center vc_separator_no_text vc_sep_color_orange wpb_content_element  wpb_content_element\" ><span class=\"vc_sep_holder vc_sep_holder_l\"><span class=\"vc_sep_line\"><\/span><\/span><span class=\"vc_sep_holder vc_sep_holder_r\"><span class=\"vc_sep_line\"><\/span><\/span>\n<\/div><\/div><\/div><\/div><\/div><div class=\"vc_row wpb_row vc_row-fluid vc_row-69d2c922ee0dc\"><div class=\"wpb_column vc_column_container vc_col-sm-12 vc_row-69d2c922ee19e\"><div class=\"vc_column-inner \"><div class=\"wpb_wrapper\">\n\t<div class=\"wpb_text_column wpb_content_element\" >\n\t\t<div class=\"wpb_wrapper\">\n\t\t\t<p style=\"text-align: center;\"><span style=\"font-size: 18px;\">Klikn\u011bte na obr\u00e1zek pro zobrazen\u00ed n\u00e1hledu kalend\u00e1\u0159e<\/span><\/p>\n\n\t\t<\/div>\n\t<\/div>\n<\/div><\/div><\/div><\/div><div class=\"vc_row wpb_row vc_row-fluid vc_row-69d2c922ee2fc\"><div class=\"wpb_column vc_column_container vc_col-sm-2 vc_row-69d2c922ee3bb\"><div class=\"vc_column-inner \"><div class=\"wpb_wrapper\"><\/div><\/div><\/div><div class=\"wpb_column vc_column_container vc_col-sm-2 vc_row-69d2c922ee43e\"><div class=\"vc_column-inner \"><div class=\"wpb_wrapper\">\n\t<div  class=\"wpb_single_image wpb_content_element vc_align_left wpb_content_element\">\n\t\t\n\t\t<figure class=\"wpb_wrapper vc_figure\">\n\t\t\t<a href=\"https:\/\/www.milanriha.cz\/wp-content\/uploads\/2024\/10\/kalendar-2025-1.pdf\" target=\"_blank\" class=\"vc_single_image-wrapper   vc_box_border_grey\"><img decoding=\"async\" width=\"150\" height=\"150\" src=\"https:\/\/www.milanriha.cz\/wp-content\/uploads\/2024\/10\/2025_titulka-1-150x150.jpg\" class=\"vc_single_image-img attachment-thumbnail\" alt=\"\" title=\"2025_titulka\" srcset=\"https:\/\/www.milanriha.cz\/wp-content\/uploads\/2024\/10\/2025_titulka-1-150x150.jpg 150w, https:\/\/www.milanriha.cz\/wp-content\/uploads\/2024\/10\/2025_titulka-1-300x300.jpg 300w, https:\/\/www.milanriha.cz\/wp-content\/uploads\/2024\/10\/2025_titulka-1-100x100.jpg 100w\" sizes=\"(max-width: 150px) 100vw, 150px\" \/><\/a>\n\t\t<\/figure>\n\t<\/div>\n<\/div><\/div><\/div><div class=\"wpb_column vc_column_container vc_col-sm-2 vc_row-69d2c922eeb75\"><div class=\"vc_column-inner \"><div class=\"wpb_wrapper\">\n\t<div  class=\"wpb_single_image wpb_content_element vc_align_left wpb_content_element\">\n\t\t\n\t\t<figure class=\"wpb_wrapper vc_figure\">\n\t\t\t<a href=\"https:\/\/www.milanriha.cz\/wp-content\/uploads\/2024\/03\/kalendar-2024.pdf\" target=\"_blank\" class=\"vc_single_image-wrapper   vc_box_border_grey\"><img decoding=\"async\" width=\"150\" height=\"150\" src=\"https:\/\/www.milanriha.cz\/wp-content\/uploads\/2024\/03\/2024_titulka-150x150.jpg\" class=\"vc_single_image-img attachment-thumbnail\" alt=\"\" title=\"2024_titulka\" \/><\/a>\n\t\t<\/figure>\n\t<\/div>\n<\/div><\/div><\/div><div class=\"wpb_column vc_column_container vc_col-sm-2 vc_row-69d2c922ef1fc\"><div class=\"vc_column-inner \"><div class=\"wpb_wrapper\">\n\t<div  class=\"wpb_single_image wpb_content_element vc_align_left wpb_content_element\">\n\t\t\n\t\t<figure class=\"wpb_wrapper vc_figure\">\n\t\t\t<a href=\"https:\/\/www.milanriha.cz\/wp-content\/uploads\/2024\/03\/kalendar-2023.pdf\" target=\"_blank\" class=\"vc_single_image-wrapper   vc_box_border_grey\"><img loading=\"lazy\" decoding=\"async\" width=\"150\" height=\"150\" src=\"https:\/\/www.milanriha.cz\/wp-content\/uploads\/2024\/03\/2023_titulka-150x150.jpg\" class=\"vc_single_image-img attachment-thumbnail\" alt=\"\" title=\"2023_titulka\" \/><\/a>\n\t\t<\/figure>\n\t<\/div>\n<\/div><\/div><\/div><div class=\"wpb_column vc_column_container vc_col-sm-2 vc_row-69d2c922efd5e\"><div class=\"vc_column-inner \"><div class=\"wpb_wrapper\">\n\t<div  class=\"wpb_single_image wpb_content_element vc_align_left wpb_content_element\">\n\t\t\n\t\t<figure class=\"wpb_wrapper vc_figure\">\n\t\t\t<a href=\"http:\/\/www.milanriha.cz\/wp-content\/uploads\/2021\/01\/kalendar-2022.pdf#TRPLINKPROCESSED\" target=\"_blank\" class=\"vc_single_image-wrapper   vc_box_border_grey\"><img loading=\"lazy\" decoding=\"async\" width=\"150\" height=\"150\" src=\"https:\/\/www.milanriha.cz\/wp-content\/uploads\/2021\/11\/2022_titulka-150x150.jpg\" class=\"vc_single_image-img attachment-thumbnail\" alt=\"\" title=\"2022_titulka\" srcset=\"https:\/\/www.milanriha.cz\/wp-content\/uploads\/2021\/11\/2022_titulka-150x150.jpg 150w, https:\/\/www.milanriha.cz\/wp-content\/uploads\/2021\/11\/2022_titulka-640x637.jpg 640w, https:\/\/www.milanriha.cz\/wp-content\/uploads\/2021\/11\/2022_titulka-50x50.jpg 50w\" sizes=\"(max-width: 150px) 100vw, 150px\" \/><\/a>\n\t\t<\/figure>\n\t<\/div>\n<\/div><\/div><\/div><div class=\"wpb_column vc_column_container vc_col-sm-2 vc_row-69d2c922f027f\"><div class=\"vc_column-inner \"><div class=\"wpb_wrapper\"><\/div><\/div><\/div><\/div><div class=\"vc_row wpb_row vc_row-fluid vc_row-69d2c922f033c\"><div class=\"wpb_column vc_column_container vc_col-sm-2 vc_row-69d2c922f03f7\"><div class=\"vc_column-inner \"><div class=\"wpb_wrapper\"><\/div><\/div><\/div><div class=\"wpb_column vc_column_container vc_col-sm-2 vc_row-69d2c922f0478\"><div class=\"vc_column-inner \"><div class=\"wpb_wrapper\">\n\t<div  class=\"wpb_single_image wpb_content_element vc_align_center wpb_content_element\">\n\t\t\n\t\t<figure class=\"wpb_wrapper vc_figure\">\n\t\t\t<a href=\"http:\/\/www.milanriha.cz\/wp-content\/uploads\/2021\/01\/kalendar-2021.pdf#TRPLINKPROCESSED\" target=\"_blank\" class=\"vc_single_image-wrapper   vc_box_border_grey\"><img loading=\"lazy\" decoding=\"async\" width=\"150\" height=\"150\" src=\"https:\/\/www.milanriha.cz\/wp-content\/uploads\/2021\/01\/2021_titulka-150x150.jpg\" class=\"vc_single_image-img attachment-thumbnail\" alt=\"\" title=\"2021_titulka\" srcset=\"https:\/\/www.milanriha.cz\/wp-content\/uploads\/2021\/01\/2021_titulka-150x150.jpg 150w, https:\/\/www.milanriha.cz\/wp-content\/uploads\/2021\/01\/2021_titulka-640x636.jpg 640w, https:\/\/www.milanriha.cz\/wp-content\/uploads\/2021\/01\/2021_titulka-50x50.jpg 50w\" sizes=\"(max-width: 150px) 100vw, 150px\" \/><\/a>\n\t\t<\/figure>\n\t<\/div>\n<\/div><\/div><\/div><div class=\"wpb_column vc_column_container vc_col-sm-2 vc_row-69d2c922f0986\"><div class=\"vc_column-inner \"><div class=\"wpb_wrapper\">\n\t<div  class=\"wpb_single_image wpb_content_element vc_align_center wpb_content_element\">\n\t\t\n\t\t<figure class=\"wpb_wrapper vc_figure\">\n\t\t\t<a href=\"http:\/\/www.milanriha.cz\/wp-content\/uploads\/2021\/01\/kalendar-2020.pdf#TRPLINKPROCESSED\" target=\"_blank\" class=\"vc_single_image-wrapper   vc_box_border_grey\"><img loading=\"lazy\" decoding=\"async\" width=\"150\" height=\"150\" src=\"https:\/\/www.milanriha.cz\/wp-content\/uploads\/2021\/01\/2020_titulka-150x150.jpg\" class=\"vc_single_image-img attachment-thumbnail\" alt=\"\" title=\"2020_titulka\" srcset=\"https:\/\/www.milanriha.cz\/wp-content\/uploads\/2021\/01\/2020_titulka-150x150.jpg 150w, https:\/\/www.milanriha.cz\/wp-content\/uploads\/2021\/01\/2020_titulka-640x636.jpg 640w, https:\/\/www.milanriha.cz\/wp-content\/uploads\/2021\/01\/2020_titulka-50x50.jpg 50w\" sizes=\"(max-width: 150px) 100vw, 150px\" \/><\/a>\n\t\t<\/figure>\n\t<\/div>\n<\/div><\/div><\/div><div class=\"wpb_column vc_column_container vc_col-sm-2 vc_row-69d2c922f0f87\"><div class=\"vc_column-inner \"><div class=\"wpb_wrapper\">\n\t<div  class=\"wpb_single_image wpb_content_element vc_align_center wpb_content_element\">\n\t\t\n\t\t<figure class=\"wpb_wrapper vc_figure\">\n\t\t\t<a href=\"http:\/\/www.milanriha.cz\/wp-content\/uploads\/2021\/01\/kalendar-2019.pdf#TRPLINKPROCESSED\" target=\"_blank\" class=\"vc_single_image-wrapper   vc_box_border_grey\"><img loading=\"lazy\" decoding=\"async\" width=\"150\" height=\"150\" src=\"https:\/\/www.milanriha.cz\/wp-content\/uploads\/2021\/01\/2019_titulka-150x150.jpg\" class=\"vc_single_image-img attachment-thumbnail\" alt=\"\" title=\"2019_titulka\" srcset=\"https:\/\/www.milanriha.cz\/wp-content\/uploads\/2021\/01\/2019_titulka-150x150.jpg 150w, https:\/\/www.milanriha.cz\/wp-content\/uploads\/2021\/01\/2019_titulka-640x636.jpg 640w, https:\/\/www.milanriha.cz\/wp-content\/uploads\/2021\/01\/2019_titulka-50x50.jpg 50w\" sizes=\"(max-width: 150px) 100vw, 150px\" \/><\/a>\n\t\t<\/figure>\n\t<\/div>\n<\/div><\/div><\/div><div class=\"wpb_column vc_column_container vc_col-sm-2 vc_row-69d2c922f1545\"><div class=\"vc_column-inner \"><div class=\"wpb_wrapper\">\n\t<div  class=\"wpb_single_image wpb_content_element vc_align_center wpb_content_element\">\n\t\t\n\t\t<figure class=\"wpb_wrapper vc_figure\">\n\t\t\t<a href=\"http:\/\/www.milanriha.cz\/wp-content\/uploads\/2021\/01\/kalendar-2018.pdf#TRPLINKPROCESSED\" target=\"_blank\" class=\"vc_single_image-wrapper   vc_box_border_grey\"><img loading=\"lazy\" decoding=\"async\" width=\"150\" height=\"150\" src=\"https:\/\/www.milanriha.cz\/wp-content\/uploads\/2021\/01\/2018_titulka-150x150.jpg\" class=\"vc_single_image-img attachment-thumbnail\" alt=\"\" title=\"2018_titulka\" srcset=\"https:\/\/www.milanriha.cz\/wp-content\/uploads\/2021\/01\/2018_titulka-150x150.jpg 150w, https:\/\/www.milanriha.cz\/wp-content\/uploads\/2021\/01\/2018_titulka-640x636.jpg 640w, https:\/\/www.milanriha.cz\/wp-content\/uploads\/2021\/01\/2018_titulka-50x50.jpg 50w\" sizes=\"(max-width: 150px) 100vw, 150px\" \/><\/a>\n\t\t<\/figure>\n\t<\/div>\n<\/div><\/div><\/div><div class=\"wpb_column vc_column_container vc_col-sm-2 vc_row-69d2c922f1ad0\"><div class=\"vc_column-inner \"><div class=\"wpb_wrapper\"><\/div><\/div><\/div><\/div><div class=\"vc_row wpb_row vc_row-fluid vc_row-69d2c922f1b89\"><div class=\"wpb_column vc_column_container vc_col-sm-2 vc_row-69d2c922f1c43\"><div class=\"vc_column-inner \"><div class=\"wpb_wrapper\"><\/div><\/div><\/div><div class=\"wpb_column vc_column_container vc_col-sm-2 vc_row-69d2c922f1cc4\"><div class=\"vc_column-inner \"><div class=\"wpb_wrapper\">\n\t<div  class=\"wpb_single_image wpb_content_element vc_align_center wpb_content_element\">\n\t\t\n\t\t<figure class=\"wpb_wrapper vc_figure\">\n\t\t\t<a href=\"http:\/\/www.milanriha.cz\/wp-content\/uploads\/2021\/01\/kalendar-2017.pdf#TRPLINKPROCESSED\" target=\"_blank\" class=\"vc_single_image-wrapper   vc_box_border_grey\"><img loading=\"lazy\" decoding=\"async\" width=\"150\" height=\"150\" src=\"https:\/\/www.milanriha.cz\/wp-content\/uploads\/2021\/01\/2017_titulka-150x150.jpg\" class=\"vc_single_image-img attachment-thumbnail\" alt=\"\" title=\"2017_titulka\" srcset=\"https:\/\/www.milanriha.cz\/wp-content\/uploads\/2021\/01\/2017_titulka-150x150.jpg 150w, https:\/\/www.milanriha.cz\/wp-content\/uploads\/2021\/01\/2017_titulka-640x636.jpg 640w, https:\/\/www.milanriha.cz\/wp-content\/uploads\/2021\/01\/2017_titulka-50x50.jpg 50w\" sizes=\"(max-width: 150px) 100vw, 150px\" \/><\/a>\n\t\t<\/figure>\n\t<\/div>\n<\/div><\/div><\/div><div class=\"wpb_column vc_column_container vc_col-sm-2 vc_row-69d2c922f222c\"><div class=\"vc_column-inner \"><div class=\"wpb_wrapper\">\n\t<div  class=\"wpb_single_image wpb_content_element vc_align_center wpb_content_element\">\n\t\t\n\t\t<figure class=\"wpb_wrapper vc_figure\">\n\t\t\t<a href=\"http:\/\/www.milanriha.cz\/wp-content\/uploads\/2021\/01\/kalendar-2016.pdf#TRPLINKPROCESSED\" target=\"_blank\" class=\"vc_single_image-wrapper   vc_box_border_grey\"><img loading=\"lazy\" decoding=\"async\" width=\"150\" height=\"150\" src=\"https:\/\/www.milanriha.cz\/wp-content\/uploads\/2021\/01\/2016_titulka-150x150.jpg\" class=\"vc_single_image-img attachment-thumbnail\" alt=\"\" title=\"2016_titulka\" srcset=\"https:\/\/www.milanriha.cz\/wp-content\/uploads\/2021\/01\/2016_titulka-150x150.jpg 150w, https:\/\/www.milanriha.cz\/wp-content\/uploads\/2021\/01\/2016_titulka-640x636.jpg 640w, https:\/\/www.milanriha.cz\/wp-content\/uploads\/2021\/01\/2016_titulka-50x50.jpg 50w\" sizes=\"(max-width: 150px) 100vw, 150px\" \/><\/a>\n\t\t<\/figure>\n\t<\/div>\n<\/div><\/div><\/div><div class=\"wpb_column vc_column_container vc_col-sm-2 vc_row-69d2c922f2772\"><div class=\"vc_column-inner \"><div class=\"wpb_wrapper\">\n\t<div  class=\"wpb_single_image wpb_content_element vc_align_center wpb_content_element\">\n\t\t\n\t\t<figure class=\"wpb_wrapper vc_figure\">\n\t\t\t<a href=\"http:\/\/www.milanriha.cz\/wp-content\/uploads\/2021\/01\/kalendar-2015.pdf#TRPLINKPROCESSED\" target=\"_blank\" class=\"vc_single_image-wrapper   vc_box_border_grey\"><img loading=\"lazy\" decoding=\"async\" width=\"150\" height=\"150\" src=\"https:\/\/www.milanriha.cz\/wp-content\/uploads\/2021\/01\/2015_titulka-150x150.jpg\" class=\"vc_single_image-img attachment-thumbnail\" alt=\"\" title=\"2015_titulka\" srcset=\"https:\/\/www.milanriha.cz\/wp-content\/uploads\/2021\/01\/2015_titulka-150x150.jpg 150w, https:\/\/www.milanriha.cz\/wp-content\/uploads\/2021\/01\/2015_titulka-640x636.jpg 640w, https:\/\/www.milanriha.cz\/wp-content\/uploads\/2021\/01\/2015_titulka-50x50.jpg 50w\" sizes=\"(max-width: 150px) 100vw, 150px\" \/><\/a>\n\t\t<\/figure>\n\t<\/div>\n<\/div><\/div><\/div><div class=\"wpb_column vc_column_container vc_col-sm-2 vc_row-69d2c922f2ced\"><div class=\"vc_column-inner \"><div class=\"wpb_wrapper\">\n\t<div  class=\"wpb_single_image wpb_content_element vc_align_center wpb_content_element\">\n\t\t\n\t\t<figure class=\"wpb_wrapper vc_figure\">\n\t\t\t<a href=\"http:\/\/www.milanriha.cz\/wp-content\/uploads\/2021\/01\/kalendar-2014.pdf#TRPLINKPROCESSED\" target=\"_blank\" class=\"vc_single_image-wrapper   vc_box_border_grey\"><img loading=\"lazy\" decoding=\"async\" width=\"150\" height=\"150\" src=\"https:\/\/www.milanriha.cz\/wp-content\/uploads\/2021\/01\/2014_titulka-150x150.jpg\" class=\"vc_single_image-img attachment-thumbnail\" alt=\"\" title=\"2014_titulka\" srcset=\"https:\/\/www.milanriha.cz\/wp-content\/uploads\/2021\/01\/2014_titulka-150x150.jpg 150w, https:\/\/www.milanriha.cz\/wp-content\/uploads\/2021\/01\/2014_titulka-640x639.jpg 640w, https:\/\/www.milanriha.cz\/wp-content\/uploads\/2021\/01\/2014_titulka-50x50.jpg 50w\" sizes=\"(max-width: 150px) 100vw, 150px\" \/><\/a>\n\t\t<\/figure>\n\t<\/div>\n<\/div><\/div><\/div><div class=\"wpb_column vc_column_container vc_col-sm-2 vc_row-69d2c922f3214\"><div class=\"vc_column-inner \"><div class=\"wpb_wrapper\"><\/div><\/div><\/div><\/div><div class=\"vc_row wpb_row vc_row-fluid vc_row-69d2c922f32ce\"><div class=\"wpb_column vc_column_container vc_col-sm-2 vc_row-69d2c922f3385\"><div class=\"vc_column-inner \"><div class=\"wpb_wrapper\"><\/div><\/div><\/div><div class=\"wpb_column vc_column_container vc_col-sm-2 vc_row-69d2c922f3415\"><div class=\"vc_column-inner \"><div class=\"wpb_wrapper\">\n\t<div  class=\"wpb_single_image wpb_content_element vc_align_center wpb_content_element\">\n\t\t\n\t\t<figure class=\"wpb_wrapper vc_figure\">\n\t\t\t<a href=\"http:\/\/www.milanriha.cz\/wp-content\/uploads\/2021\/01\/kalendar-2013.pdf#TRPLINKPROCESSED\" target=\"_blank\" class=\"vc_single_image-wrapper   vc_box_border_grey\"><img loading=\"lazy\" decoding=\"async\" width=\"150\" height=\"150\" src=\"https:\/\/www.milanriha.cz\/wp-content\/uploads\/2021\/01\/2013_titulka-150x150.jpg\" class=\"vc_single_image-img attachment-thumbnail\" alt=\"\" title=\"2013_titulka\" srcset=\"https:\/\/www.milanriha.cz\/wp-content\/uploads\/2021\/01\/2013_titulka-150x150.jpg 150w, https:\/\/www.milanriha.cz\/wp-content\/uploads\/2021\/01\/2013_titulka-640x636.jpg 640w, https:\/\/www.milanriha.cz\/wp-content\/uploads\/2021\/01\/2013_titulka-50x50.jpg 50w\" sizes=\"(max-width: 150px) 100vw, 150px\" \/><\/a>\n\t\t<\/figure>\n\t<\/div>\n<\/div><\/div><\/div><div class=\"wpb_column vc_column_container vc_col-sm-2 vc_row-69d2c922f3a88\"><div class=\"vc_column-inner \"><div class=\"wpb_wrapper\"><\/div><\/div><\/div><div class=\"wpb_column vc_column_container vc_col-sm-2 vc_row-69d2c922f3b0b\"><div class=\"vc_column-inner \"><div class=\"wpb_wrapper\"><\/div><\/div><\/div><div class=\"wpb_column vc_column_container vc_col-sm-2 vc_row-69d2c922f3b86\"><div class=\"vc_column-inner \"><div class=\"wpb_wrapper\"><\/div><\/div><\/div><div class=\"wpb_column vc_column_container vc_col-sm-2 vc_row-69d2c922f3c01\"><div class=\"vc_column-inner \"><div class=\"wpb_wrapper\"><\/div><\/div><\/div><\/div><div class=\"vc_row wpb_row vc_row-fluid vc_custom_1711310524758 vc_row-660086b289314 vc_row-o-content-bottom vc_row-flex\"><div class=\"wpb_column vc_column_container vc_col-sm-12 vc_row-660086a36f9a8\"><div class=\"vc_column-inner vc_custom_1711310507514\"><div class=\"wpb_wrapper\">\n\t<div class=\"wpb_text_column wpb_content_element\" >\n\t\t<div class=\"wpb_wrapper\">\n\t\t\t<p style=\"text-align: center;\"><span style=\"font-family: 'arial black', sans-serif; color: #ffffff;\">SLEDUJTE M\u011a<\/span><\/p>\n\n\t\t<\/div>\n\t<\/div>\n<\/div><\/div><\/div><\/div>\n<\/div>","protected":false},"excerpt":{"rendered":"Velkoform\u00e1tov\u00fd n\u00e1st\u011bnn\u00fd kalend\u00e1\u0159 z cestovatelsk\u00fdch fotografi\u00ed Ji\u017e \u0159adu let vyd\u00e1v\u00e1me s br\u00e1chou velkoform\u00e1tov\u00fd n\u00e1st\u011bnn\u00fd kalend\u00e1\u0159, kter\u00fd nab\u00edz\u00edme k prodeji jak jednotlivc\u016fm, tak i firm\u00e1m, kter\u00e9 kalend\u00e1\u0159 pou\u017e\u00edvaj\u00ed jako firemn\u00ed d\u00e1rek. Ka\u017ed\u00fd rok se soust\u0159ed\u00edme na v\u00fdb\u011br t\u011bch nejlep\u0161\u00edch fotografi\u00ed z na\u0161ich cest, ale tak\u00e9 na unik\u00e1tn\u00ed grafickou \u00fapravu, kter\u00e1 odr\u00e1\u017e\u00ed n\u00e1m\u011bt konkr\u00e9tn\u00edho kalend\u00e1\u0159e. Na grafick\u00e9 [...]","protected":false},"author":1,"featured_media":0,"parent":0,"menu_order":0,"comment_status":"closed","ping_status":"closed","template":"","meta":{"_acf_changed":false,"ngg_post_thumbnail":0,"footnotes":""},"class_list":["post-3329","page","type-page","status-publish","hentry"],"acf":[],"_links":{"self":[{"href":"https:\/\/www.milanriha.cz\/cz\/wp-json\/wp\/v2\/pages\/3329","targetHints":{"allow":["GET"]}}],"collection":[{"href":"https:\/\/www.milanriha.cz\/cz\/wp-json\/wp\/v2\/pages"}],"about":[{"href":"https:\/\/www.milanriha.cz\/cz\/wp-json\/wp\/v2\/types\/page"}],"author":[{"embeddable":true,"href":"https:\/\/www.milanriha.cz\/cz\/wp-json\/wp\/v2\/users\/1"}],"replies":[{"embeddable":true,"href":"https:\/\/www.milanriha.cz\/cz\/wp-json\/wp\/v2\/comments?post=3329"}],"version-history":[{"count":14,"href":"https:\/\/www.milanriha.cz\/cz\/wp-json\/wp\/v2\/pages\/3329\/revisions"}],"predecessor-version":[{"id":8096,"href":"https:\/\/www.milanriha.cz\/cz\/wp-json\/wp\/v2\/pages\/3329\/revisions\/8096"}],"wp:attachment":[{"href":"https:\/\/www.milanriha.cz\/cz\/wp-json\/wp\/v2\/media?parent=3329"}],"curies":[{"name":"wp","href":"https:\/\/api.w.org\/{rel}","templated":true}]}}