{"id":7272,"date":"2024-03-24T19:12:50","date_gmt":"2024-03-24T18:12:50","guid":{"rendered":"https:\/\/www.milanriha.cz\/?page_id=7272"},"modified":"2024-04-08T22:38:43","modified_gmt":"2024-04-08T20:38:43","slug":"nabidka-dokument","status":"publish","type":"page","link":"https:\/\/www.milanriha.cz\/cz\/nabidka-dokument\/","title":{"rendered":"Nab\u00eddka dokument"},"content":{"rendered":"<div class=\"wpb-content-wrapper\"><section class=\"vc_section vc_section-\"><div class=\"vc_row wpb_row vc_row-fluid vc_row-69d2cbb1542bc\"><div class=\"wpb_column vc_column_container vc_col-sm-12 vc_row-69d2cbb15489d\"><div class=\"vc_column-inner \"><div class=\"wpb_wrapper\">      <div class=\"heading-block heading-5fb1a5b9ff08f tac h-h1\">\n                  <h1 class=\"h\"><span>Focen\u00ed fotoreport\u00e1\u017ee - dokumentu<\/span><\/h1>\n              <\/div>\n          <div class=\"heading-block heading-601c504e3dd1f tac h-h2 vc_custom_1711303943456\">\n                  <h2 class=\"h\">spole\u010densk\u00e9 akce, firemn\u00ed konference a ve\u010d\u00edrky, rodinn\u00e9 oslavy<\/h2>\n              <\/div>\n    <\/div><\/div><\/div><\/div><\/section><div class=\"vc_row wpb_row vc_row-fluid vc_row-69d2cbb154a94\"><div class=\"wpb_column vc_column_container vc_col-sm-12 vc_row-69d2cbb154bb0\"><div class=\"vc_column-inner \"><div class=\"wpb_wrapper\">\n\t<div class=\"wpb_text_column wpb_content_element\" >\n\t\t<div class=\"wpb_wrapper\">\n\t\t\t<p style=\"text-align: center;\"><span style=\"font-size: 18px;\">Nafot\u00edm v\u00e1m <strong><span style=\"font-size: 20px; color: #c48f56;\">Fotoreport\u00e1\u017e!<\/span><\/strong><\/span><\/p>\n<p style=\"text-align: center;\"><span style=\"font-size: 18px;\">Pot\u0159ebujete nafotit Report\u00e1\u017e \/ Dokument ze spole\u010densk\u00e9, obchodn\u00ed nebo soukrom\u00e9 akce? Chcete se o d\u011bn\u00ed pozd\u011bji pod\u011blit s kolegy, p\u0159\u00e1teli nebo rodinou?<\/span><\/p>\n<p style=\"text-align: center;\"><span style=\"font-size: 18px;\">V takov\u00e9m p\u0159\u00edpad\u011b jsem v\u00e1m k dispozici a nafot\u00edm po\u017eadovn\u00e9 fotografie p\u0159esn\u011b dle p\u0159\u00e1n\u00ed. Jsem mobiln\u00ed a tak m\u00edsto kon\u00e1n\u00ed ud\u00e1losti nen\u00ed rozhoduj\u00edc\u00ed. Spole\u010dn\u011b se dohodneme na form\u011b fotodokumentu, aby p\u0159esn\u011b odpov\u00eddalo va\u0161im p\u0159edstav\u00e1m.<\/span><\/p>\n<p style=\"text-align: center;\"><span style=\"font-size: 18px;\">Na v\u0161em se ur\u010dit\u011b domluv\u00edme. Na uk\u00e1zkov\u00e9 fotografie se m\u016f\u017eete pod\u00edvat v m\u00e9 <strong><a href=\"https:\/\/www.milanriha.cz\/pt-portfolio\/dokument\/\">Galerii<\/a><\/strong><\/span><\/p>\n\n\t\t<\/div>\n\t<\/div>\n<\/div><\/div><\/div><\/div><div class=\"vc_row wpb_row vc_row-fluid vc_custom_1711489856539 vc_row-6603429c1f36a vc_row-o-content-bottom vc_row-flex\"><div class=\"wpb_column vc_column_container vc_col-sm-12 vc_row-69d2cbb154f8e\"><div class=\"vc_column-inner \"><div class=\"wpb_wrapper\">\n\t<div class=\"wpb_text_column wpb_content_element\" >\n\t\t<div class=\"wpb_wrapper\">\n\t\t\t<p style=\"text-align: center;\"><span style=\"font-size: 18px;\">Nev\u00e1hejte m\u011b <strong><a href=\"http:\/\/www.milanriha.cz\/kontakt\/\">Kontaktovat.<\/a> <\/strong>R\u00e1d v\u00e1m za\u0161lu svoji cenovou nab\u00eddku \u0161itou na m\u00edru podle toho, jak\u00e1 p\u0159\u00e1n\u00ed budete m\u00edt.<\/span><\/p>\n<p style=\"text-align: center;\">&nbsp;<\/p>\n<p>&nbsp;<\/p>\n<p style=\"text-align: center;\"><span style=\"font-family: 'arial black', sans-serif; color: #ffffff;\">SLEDUJTE M\u011a<\/span><\/p>\n\n\t\t<\/div>\n\t<\/div>\n<\/div><\/div><\/div><\/div>\n<\/div>","protected":false},"excerpt":{"rendered":"Focen\u00ed fotoreport\u00e1\u017ee - dokumentu spole\u010densk\u00e9 akce, firemn\u00ed konference a ve\u010d\u00edrky, rodinn\u00e9 oslavy Nafot\u00edm v\u00e1m Fotoreport\u00e1\u017e! Pot\u0159ebujete nafotit Report\u00e1\u017e \/ Dokument ze spole\u010densk\u00e9, obchodn\u00ed nebo soukrom\u00e9 akce? Chcete se o d\u011bn\u00ed pozd\u011bji pod\u011blit s kolegy, p\u0159\u00e1teli nebo rodinou? V takov\u00e9m p\u0159\u00edpad\u011b jsem v\u00e1m k dispozici a nafot\u00edm po\u017eadovn\u00e9 fotografie p\u0159esn\u011b dle p\u0159\u00e1n\u00ed. Jsem mobiln\u00ed a tak [...]","protected":false},"author":1,"featured_media":0,"parent":0,"menu_order":0,"comment_status":"closed","ping_status":"closed","template":"","meta":{"_acf_changed":false,"ngg_post_thumbnail":0,"footnotes":""},"class_list":["post-7272","page","type-page","status-publish","hentry"],"acf":[],"_links":{"self":[{"href":"https:\/\/www.milanriha.cz\/cz\/wp-json\/wp\/v2\/pages\/7272","targetHints":{"allow":["GET"]}}],"collection":[{"href":"https:\/\/www.milanriha.cz\/cz\/wp-json\/wp\/v2\/pages"}],"about":[{"href":"https:\/\/www.milanriha.cz\/cz\/wp-json\/wp\/v2\/types\/page"}],"author":[{"embeddable":true,"href":"https:\/\/www.milanriha.cz\/cz\/wp-json\/wp\/v2\/users\/1"}],"replies":[{"embeddable":true,"href":"https:\/\/www.milanriha.cz\/cz\/wp-json\/wp\/v2\/comments?post=7272"}],"version-history":[{"count":19,"href":"https:\/\/www.milanriha.cz\/cz\/wp-json\/wp\/v2\/pages\/7272\/revisions"}],"predecessor-version":[{"id":7425,"href":"https:\/\/www.milanriha.cz\/cz\/wp-json\/wp\/v2\/pages\/7272\/revisions\/7425"}],"wp:attachment":[{"href":"https:\/\/www.milanriha.cz\/cz\/wp-json\/wp\/v2\/media?parent=7272"}],"curies":[{"name":"wp","href":"https:\/\/api.w.org\/{rel}","templated":true}]}}