{"id":7318,"date":"2024-03-24T21:32:50","date_gmt":"2024-03-24T20:32:50","guid":{"rendered":"https:\/\/www.milanriha.cz\/?page_id=7318"},"modified":"2024-04-08T22:40:28","modified_gmt":"2024-04-08T20:40:28","slug":"nabidka-portret-2","status":"publish","type":"page","link":"https:\/\/www.milanriha.cz\/cz\/nabidka-portret-2\/","title":{"rendered":"Nab\u00eddka portr\u00e9t"},"content":{"rendered":"<div class=\"wpb-content-wrapper\"><section class=\"vc_section vc_section-\"><div class=\"vc_row wpb_row vc_row-fluid vc_row-69d4f672526c8\"><div class=\"wpb_column vc_column_container vc_col-sm-12 vc_row-69d4f67252cf5\"><div class=\"vc_column-inner \"><div class=\"wpb_wrapper\">      <div class=\"heading-block heading-5fb1a5b9ff08f tac h-h1\">\n                  <h1 class=\"h\"><span>Focen\u00ed portr\u00e9t\u016f<\/span><\/h1>\n              <\/div>\n          <div class=\"heading-block heading-601c504e3dd1f tac h-h2 vc_custom_1711312152541\">\n                  <h2 class=\"h\">portr\u00e9tn\u00ed i rodinn\u00e9 foto<\/h2>\n              <\/div>\n    <\/div><\/div><\/div><\/div><\/section><div class=\"vc_row wpb_row vc_row-fluid vc_row-69d4f67252ef3\"><div class=\"wpb_column vc_column_container vc_col-sm-12 vc_row-69d4f6725300a\"><div class=\"vc_column-inner \"><div class=\"wpb_wrapper\">\n\t<div class=\"wpb_text_column wpb_content_element\" >\n\t\t<div class=\"wpb_wrapper\">\n\t\t\t<p style=\"text-align: center;\"><span style=\"font-size: 18px;\">Nafot\u00edm v\u00e1m <strong><span style=\"font-size: 20px; color: #c48f56;\">Portr\u00e9t!<\/span><\/strong><\/span><\/p>\n<p style=\"text-align: center;\"><span style=\"font-size: 18px;\">Pot\u0159ebujete sv\u016fj portr\u00e9t (profesion\u00e1ln\u00ed nebo osobn\u00ed) nebo byste cht\u011bli vyfotit rodinn\u00e9 nebo partnersk\u00e9 fotografie?<\/span><\/p>\n<p style=\"text-align: center;\"><span style=\"font-size: 18px;\">V takov\u00e9m p\u0159\u00edpad\u011b jsem v\u00e1m k dispozici a nafot\u00edm po\u017eadovn\u00e9 fotografie p\u0159esn\u011b dle p\u0159\u00e1n\u00ed. M\u00edsto pro focen\u00ed dohodneme spole\u010dn\u011b, a\u0165 u\u017e dle va\u0161eho v\u00fdb\u011bru nebo podle m\u00e9ho n\u00e1vrhu tak, aby odpov\u00eddalo va\u0161im p\u0159edstav\u00e1m.<\/span><\/p>\n<p style=\"text-align: center;\"><span style=\"font-size: 18px;\">Velmi obl\u00edben\u00e9 jsou fotografie s d\u011btmi, t\u011bhotensk\u00e9 fotografie, ale tak\u00e9 osobn\u00ed portr\u00e9t. Jak se \u0159\u00edk\u00e1, p\u0159edstavivosti se meze nekladou, a tak<\/span><\/p>\n<p style=\"text-align: center;\"><span style=\"font-size: 18px; color: #c48f56;\">Z\u00e1le\u017e\u00ed jen na v\u00e1s a va\u0161em p\u0159\u00e1n\u00ed!<\/span><\/p>\n<p style=\"text-align: center;\"><span style=\"font-size: 18px;\">Na v\u0161em se ur\u010dit\u011b domluv\u00edme. Na uk\u00e1zkov\u00e9 fotografie se m\u016f\u017eete pod\u00edvat v m\u00e9 <strong><a href=\"https:\/\/www.milanriha.cz\/pt-portfolio\/portret\/\">Galerii<\/a><\/strong><\/span><\/p>\n\n\t\t<\/div>\n\t<\/div>\n<\/div><\/div><\/div><\/div><div class=\"vc_row wpb_row vc_row-fluid vc_custom_1711489856539 vc_row-6603429c1f36a vc_row-o-content-bottom vc_row-flex\"><div class=\"wpb_column vc_column_container vc_col-sm-12 vc_row-69d4f672533dd\"><div class=\"vc_column-inner \"><div class=\"wpb_wrapper\">\n\t<div class=\"wpb_text_column wpb_content_element\" >\n\t\t<div class=\"wpb_wrapper\">\n\t\t\t<p style=\"text-align: center;\"><span style=\"font-size: 18px;\">Nev\u00e1hejte m\u011b <strong><a href=\"http:\/\/www.milanriha.cz\/kontakt\/\">Kontaktovat.<\/a> <\/strong>R\u00e1d v\u00e1m za\u0161lu svoji cenovou nab\u00eddku \u0161itou na m\u00edru podle toho, jak\u00e1 p\u0159\u00e1n\u00ed budete m\u00edt.<\/span><\/p>\n<p style=\"text-align: center;\">&nbsp;<\/p>\n<p>&nbsp;<\/p>\n<p style=\"text-align: center;\"><span style=\"font-family: 'arial black', sans-serif; color: #ffffff;\">SLEDUJTE M\u011a<\/span><\/p>\n\n\t\t<\/div>\n\t<\/div>\n<\/div><\/div><\/div><\/div>\n<\/div>","protected":false},"excerpt":{"rendered":"Focen\u00ed portr\u00e9t\u016f portr\u00e9tn\u00ed i rodinn\u00e9 foto Nafot\u00edm v\u00e1m Portr\u00e9t! Pot\u0159ebujete sv\u016fj portr\u00e9t (profesion\u00e1ln\u00ed nebo osobn\u00ed) nebo byste cht\u011bli vyfotit rodinn\u00e9 nebo partnersk\u00e9 fotografie? V takov\u00e9m p\u0159\u00edpad\u011b jsem v\u00e1m k dispozici a nafot\u00edm po\u017eadovn\u00e9 fotografie p\u0159esn\u011b dle p\u0159\u00e1n\u00ed. M\u00edsto pro focen\u00ed dohodneme spole\u010dn\u011b, a\u0165 u\u017e dle va\u0161eho v\u00fdb\u011bru nebo podle m\u00e9ho n\u00e1vrhu tak, aby odpov\u00eddalo va\u0161im [...]","protected":false},"author":1,"featured_media":0,"parent":0,"menu_order":0,"comment_status":"closed","ping_status":"closed","template":"","meta":{"_acf_changed":false,"ngg_post_thumbnail":0,"footnotes":""},"class_list":["post-7318","page","type-page","status-publish","hentry"],"acf":[],"_links":{"self":[{"href":"https:\/\/www.milanriha.cz\/cz\/wp-json\/wp\/v2\/pages\/7318","targetHints":{"allow":["GET"]}}],"collection":[{"href":"https:\/\/www.milanriha.cz\/cz\/wp-json\/wp\/v2\/pages"}],"about":[{"href":"https:\/\/www.milanriha.cz\/cz\/wp-json\/wp\/v2\/types\/page"}],"author":[{"embeddable":true,"href":"https:\/\/www.milanriha.cz\/cz\/wp-json\/wp\/v2\/users\/1"}],"replies":[{"embeddable":true,"href":"https:\/\/www.milanriha.cz\/cz\/wp-json\/wp\/v2\/comments?post=7318"}],"version-history":[{"count":7,"href":"https:\/\/www.milanriha.cz\/cz\/wp-json\/wp\/v2\/pages\/7318\/revisions"}],"predecessor-version":[{"id":7426,"href":"https:\/\/www.milanriha.cz\/cz\/wp-json\/wp\/v2\/pages\/7318\/revisions\/7426"}],"wp:attachment":[{"href":"https:\/\/www.milanriha.cz\/cz\/wp-json\/wp\/v2\/media?parent=7318"}],"curies":[{"name":"wp","href":"https:\/\/api.w.org\/{rel}","templated":true}]}}