{"id":3334,"date":"2021-01-12T00:22:02","date_gmt":"2021-01-11T23:22:02","guid":{"rendered":"http:\/\/www.milanriha.cz\/?page_id=3334"},"modified":"2024-03-26T22:58:36","modified_gmt":"2024-03-26T21:58:36","slug":"nabidka-svateb","status":"publish","type":"page","link":"https:\/\/www.milanriha.cz\/en\/nabidka-svateb\/","title":{"rendered":"Weding photography"},"content":{"rendered":"<div class=\"wpb-content-wrapper\"><section class=\"vc_section vc_section-\"><div class=\"vc_row wpb_row vc_row-fluid vc_row-6a071f7b2afcb\"><div class=\"wpb_column vc_column_container vc_col-sm-12 vc_row-6a071f7b2b761\"><div class=\"vc_column-inner\"><div class=\"wpb_wrapper\">      <div class=\"heading-block heading-5fb1a5b9ff08f tac h-h1\">\n                  <h1 class=\"h\"><span>Wedding photography<\/span><\/h1>\n              <\/div>\n          <div class=\"heading-block heading-601c504e3dd1f tac h-h2 vc_custom_1612468726507\">\n                  <h2 class=\"h\">wedding and pre-wedding photo<\/h2>\n              <\/div>\n    <\/div><\/div><\/div><\/div><\/section><div class=\"vc_row wpb_row vc_row-fluid vc_row-6a071f7b2b9b8\"><div class=\"wpb_column vc_column_container vc_col-sm-12 vc_row-6a071f7b2bb1f\"><div class=\"vc_column-inner\"><div class=\"wpb_wrapper\">\n\t<div class=\"wpb_text_column wpb_content_element\" >\n\t\t<div class=\"wpb_wrapper\">\n\t\t\t<p style=\"text-align: center;\"><span style=\"font-size: 18px;\">I'll take a picture of your <strong><span style=\"font-size: 20px; color: #c48f56;\">Day!<\/span><\/strong><\/span><\/p>\n<p style=\"text-align: center;\"><span style=\"font-size: 18px;\">Are you planning a wedding and looking for a photographer who would \"sensitively\" photograph it for you? Or do you want photos of the two of you during the pre-wedding time?<\/span><\/p>\n<p style=\"text-align: center;\"><span style=\"font-size: 18px;\">I capture your <span style=\"color: #c48f56;\">wedding day <\/span>&nbsp;exactly according to your wishes - do you want to photograph a ceremony, a banquet, a wedding party or everything together? Of course, there is a photo shoot of newlyweds, wedding guests, individuals and groups. It is also very popular to photograph the preparations of the bride and groom on the wedding day. Some newlyweds prefer the documentary concept, others long for romantic photographs, some prefer color and others prefer black and white photography.<\/span><\/p>\n<p style=\"text-align: center;\"><span style=\"color: #c48f56; font-size: 18px;\">It's only up to your choice!<\/span><\/p>\n<p style=\"text-align: center;\"><span style=\"font-size: 18px;\">It is also very popular to take photos of couples during the <span style=\"color: #c48f56;\">pre-wedding day,<\/span> , ie before it all breaks out. This is a time when you can relax and enjoy a romantic partner photo shoot without the pressure of the wedding guests and your own nervousness.&nbsp;<\/span><\/p>\n<p style=\"text-align: center;\"><span style=\"font-size: 18px;\">We will definitely agree on all this. You can see sample photos of weddings in mine&nbsp;<strong><a href=\"https:\/\/www.milanriha.cz\/en\/pt-portfolio\/svatby\/\">Gallery<\/a><\/strong><\/span><\/p>\n\n\t\t<\/div>\n\t<\/div>\n<\/div><\/div><\/div><\/div><div class=\"vc_row wpb_row vc_row-fluid vc_custom_1711489856539 vc_row-6603429c1f36a vc_row-o-content-bottom vc_row-flex\"><div class=\"wpb_column vc_column_container vc_col-sm-12 vc_row-6a071f7b2c109\"><div class=\"vc_column-inner\"><div class=\"wpb_wrapper\">\n\t<div class=\"wpb_text_column wpb_content_element\" >\n\t\t<div class=\"wpb_wrapper\">\n\t\t\t<p style=\"text-align: center;\"><span style=\"font-size: 18px;\">Do not hesitate to <strong><a href=\"http:\/\/www.milanriha.cz\/en\/kontakt\/\">Contact me.<\/a> <\/strong>I will be happy to send you my price offer tailored to your wishes.<\/span><\/p>\n<p style=\"text-align: center;\">&nbsp;<\/p>\n<p>&nbsp;<\/p>\n<p style=\"text-align: center;\"><span style=\"font-family: 'arial black', sans-serif; color: #ffffff;\">FOLLOW ME<\/span><\/p>\n\n\t\t<\/div>\n\t<\/div>\n<\/div><\/div><\/div><\/div>\n<\/div>","protected":false},"excerpt":{"rendered":"Focen\u00ed svateb svatebn\u00ed i p\u0159edsvatebn\u00ed foto Nafot\u00edm v\u00e1\u0161 Den! Pl\u00e1nujete svatbu a hled\u00e1te fotografa, kter\u00fd by v\u00e1m ji \"citliv\u011b\" nafotil? Nebo chcete fotografie v\u00e1s dvou v \u010dase p\u0159edsvatebn\u00edm? Zachyt\u00edm v\u00e1\u0161 svatebn\u00ed den &nbsp;p\u0159esn\u011b dle p\u0159\u00e1n\u00ed - chcete nafotit ob\u0159ad, hostinu, svatebn\u00ed vesel\u00ed nebo v\u0161e dohromady? Samoz\u0159ejmost\u00ed je focen\u00ed novoman\u017eel\u016f, svateb\u010dan\u016f, jednotlivc\u016f i skupinek. Velmi obl\u00edben\u00e9 [...]","protected":false},"author":1,"featured_media":0,"parent":0,"menu_order":0,"comment_status":"closed","ping_status":"closed","template":"","meta":{"_acf_changed":false,"ngg_post_thumbnail":0,"footnotes":""},"class_list":["post-3334","page","type-page","status-publish","hentry"],"acf":[],"_links":{"self":[{"href":"https:\/\/www.milanriha.cz\/en\/wp-json\/wp\/v2\/pages\/3334","targetHints":{"allow":["GET"]}}],"collection":[{"href":"https:\/\/www.milanriha.cz\/en\/wp-json\/wp\/v2\/pages"}],"about":[{"href":"https:\/\/www.milanriha.cz\/en\/wp-json\/wp\/v2\/types\/page"}],"author":[{"embeddable":true,"href":"https:\/\/www.milanriha.cz\/en\/wp-json\/wp\/v2\/users\/1"}],"replies":[{"embeddable":true,"href":"https:\/\/www.milanriha.cz\/en\/wp-json\/wp\/v2\/comments?post=3334"}],"version-history":[{"count":4,"href":"https:\/\/www.milanriha.cz\/en\/wp-json\/wp\/v2\/pages\/3334\/revisions"}],"predecessor-version":[{"id":7349,"href":"https:\/\/www.milanriha.cz\/en\/wp-json\/wp\/v2\/pages\/3334\/revisions\/7349"}],"wp:attachment":[{"href":"https:\/\/www.milanriha.cz\/en\/wp-json\/wp\/v2\/media?parent=3334"}],"curies":[{"name":"wp","href":"https:\/\/api.w.org\/{rel}","templated":true}]}}