{"id":3706,"date":"2021-01-23T23:21:52","date_gmt":"2021-01-23T22:21:52","guid":{"rendered":"http:\/\/www.milanriha.cz\/?page_id=3706"},"modified":"2024-04-09T23:15:49","modified_gmt":"2024-04-09T21:15:49","slug":"kontakt","status":"publish","type":"page","link":"https:\/\/www.milanriha.cz\/en\/kontakt\/","title":{"rendered":"Contact"},"content":{"rendered":"<div class=\"wpb-content-wrapper\"><section class=\"vc_section vc_section-\"><div class=\"vc_row wpb_row vc_row-fluid vc_row-69d2ccbe8b978\"><div class=\"wpb_column vc_column_container vc_col-sm-12 vc_row-69d2ccbe8bf08\"><div class=\"vc_column-inner\"><div class=\"wpb_wrapper\">      <div class=\"heading-block heading-5fb1a5b9ff08f tac h-h1\">\n                  <h1 class=\"h\"><span>Write me<\/span><\/h1>\n              <\/div>\n    <\/div><\/div><\/div><\/div><\/section><div class=\"vc_row wpb_row vc_row-fluid vc_row-69d2ccbe8c0cb\"><div class=\"wpb_column vc_column_container vc_col-sm-12 vc_row-69d2ccbe8c1ff\"><div class=\"vc_column-inner\"><div class=\"wpb_wrapper\">\n\t<div class=\"wpb_text_column wpb_content_element\" >\n\t\t<div class=\"wpb_wrapper\">\n\t\t\t<p>&nbsp;<\/p>\n<style id=\"wpforms-css-vars-3717-block-e2744e1c-3460-4155-ab5a-1e72f9815169\">\n\t\t\t\t#wpforms-3717.wpforms-block-e2744e1c-3460-4155-ab5a-1e72f9815169 {\n\t\t\t\t--wpforms-label-color: #ffffff;\n--wpforms-label-sublabel-color: #ffffff;\n--wpforms-label-error-color: #8ed1fc;\n\t\t\t}\n\t\t\t<\/style>\n<div class=\"wpforms-container wpforms-container-full wpforms-block wpforms-block-e2744e1c-3460-4155-ab5a-1e72f9815169 wpforms-render-modern\" id=\"wpforms-3717\">\n<form id=\"wpforms-form-3717\" class=\"wpforms-validate wpforms-form\" data-formid=\"3717\" method=\"post\" enctype=\"multipart\/form-data\" action=\"\/en\/wp-json\/wp\/v2\/pages\/3706\" data-token=\"66bce5da0aa1c5813a6e9a47df9fb784\" data-token-time=\"1775422654\" data-trp-original-action=\"\/en\/wp-json\/wp\/v2\/pages\/3706\"><noscript class=\"wpforms-error-noscript\">Please enable JavaScript in your browser to complete this form.<\/noscript><\/p>\n<div id=\"wpforms-error-noscript\" style=\"display: none;\">Please enable JavaScript in your browser to complete this form.<\/div>\n<div class=\"wpforms-field-container\">\n<div id=\"wpforms-3717-field_0-container\" class=\"wpforms-field wpforms-field-name\" data-field-id=\"0\">\n<fieldset>\n<legend class=\"wpforms-field-label\">Name <span class=\"wpforms-required-label\" aria-hidden=\"true\">*<\/span><\/legend>\n<div class=\"wpforms-field-row wpforms-field-medium\">\n<div class=\"wpforms-field-row-block wpforms-first wpforms-one-half\"><input type=\"text\" id=\"wpforms-3717-field_0\" class=\"wpforms-field-name-first wpforms-field-required\" name=\"wpforms&#091;fields&#093;&#091;0&#093;&#091;first&#093;\" aria-errormessage=\"wpforms-3717-field_0-error\" aria-describedby=\"wpforms-3717-field_0-description\" required><label for=\"wpforms-3717-field_0\" class=\"wpforms-field-sublabel after\">First<\/label><\/div>\n<div class=\"wpforms-field-row-block wpforms-one-half\"><input type=\"text\" id=\"wpforms-3717-field_0-last\" class=\"wpforms-field-name-last wpforms-field-required\" name=\"wpforms&#091;fields&#093;&#091;0&#093;&#091;last&#093;\" aria-errormessage=\"wpforms-3717-field_0-last-error\" aria-describedby=\"wpforms-3717-field_0-description\" required><label for=\"wpforms-3717-field_0-last\" class=\"wpforms-field-sublabel after\">Last<\/label><\/div>\n<\/div>\n<div id=\"wpforms-3717-field_0-description\" class=\"wpforms-field-description\">Enter your Name<\/div>\n<\/fieldset>\n<\/div>\n<div id=\"wpforms-3717-field_1-container\" class=\"wpforms-field wpforms-field-email\" data-field-id=\"1\"><label class=\"wpforms-field-label\" for=\"wpforms-3717-field_1\">E-mail <span class=\"wpforms-required-label\" aria-hidden=\"true\">*<\/span><\/label><input type=\"email\" id=\"wpforms-3717-field_1\" class=\"wpforms-field-medium wpforms-field-required\" name=\"wpforms&#091;fields&#093;&#091;1&#093;\" spellcheck=\"false\" aria-errormessage=\"wpforms-3717-field_1-error\" aria-describedby=\"wpforms-3717-field_1-description\" required><\/p>\n<div id=\"wpforms-3717-field_1-description\" class=\"wpforms-field-description\">Enter your E-mail<\/div>\n<\/div>\n<div id=\"wpforms-3717-field_3-container\" class=\"wpforms-field wpforms-field-radio wpforms-list-inline\" data-field-id=\"3\">\n<fieldset>\n<legend class=\"wpforms-field-label\">Mark the reason of your mail<\/legend>\n<ul id=\"wpforms-3717-field_3\">\n<li class=\"choice-1 depth-1\"><input type=\"radio\" id=\"wpforms-3717-field_3_1\" name=\"wpforms&#091;fields&#093;&#091;3&#093;\" value=\"M\u00e1m z\u00e1jem o tisk fotografi\u00ed\" aria-errormessage=\"wpforms-3717-field_3_1-error\"  ><label class=\"wpforms-field-label-inline\" for=\"wpforms-3717-field_3_1\">I'm interested in photo print<\/label><\/li>\n<li class=\"choice-2 depth-1\"><input type=\"radio\" id=\"wpforms-3717-field_3_2\" name=\"wpforms&#091;fields&#093;&#091;3&#093;\" value=\"M\u00e1m z\u00e1jem o nafocen\u00ed svatby \/ p\u0159edsvatebn\u00ed foto\" aria-errormessage=\"wpforms-3717-field_3_2-error\"  ><label class=\"wpforms-field-label-inline\" for=\"wpforms-3717-field_3_2\">I'm interested in weding \/ pre-wedding photography<\/label><\/li>\n<li class=\"choice-5 depth-1\"><input type=\"radio\" id=\"wpforms-3717-field_3_5\" name=\"wpforms&#091;fields&#093;&#091;3&#093;\" value=\"M\u00e1m z\u00e1jem o portr\u00e9t\" aria-errormessage=\"wpforms-3717-field_3_5-error\"  ><label class=\"wpforms-field-label-inline\" for=\"wpforms-3717-field_3_5\">I'm interested in Portrait<\/label><\/li>\n<li class=\"choice-3 depth-1\"><input type=\"radio\" id=\"wpforms-3717-field_3_3\" name=\"wpforms&#091;fields&#093;&#091;3&#093;\" value=\"Ostatn\u00ed\" aria-errormessage=\"wpforms-3717-field_3_3-error\"  ><label class=\"wpforms-field-label-inline\" for=\"wpforms-3717-field_3_3\">Other<\/label><\/li>\n<\/ul>\n<\/fieldset>\n<\/div>\n<div id=\"wpforms-3717-field_2-container\" class=\"wpforms-field wpforms-field-textarea\" data-field-id=\"2\"><label class=\"wpforms-field-label\" for=\"wpforms-3717-field_2\">Comment or message <span class=\"wpforms-required-label\" aria-hidden=\"true\">*<\/span><\/label><textarea id=\"wpforms-3717-field_2\" class=\"wpforms-field-medium wpforms-field-required\" name=\"wpforms&#091;fields&#093;&#091;2&#093;\" aria-errormessage=\"wpforms-3717-field_2-error\" aria-describedby=\"wpforms-3717-field_2-description\" required><\/textarea><\/p>\n<div id=\"wpforms-3717-field_2-description\" class=\"wpforms-field-description\">Enter your question \/ request<\/div>\n<\/div>\n<\/div>\n<p><!-- .wpforms-field-container --><\/p>\n<div class=\"wpforms-recaptcha-container wpforms-is-recaptcha wpforms-is-recaptcha-type-v2\" >\n<div class=\"g-recaptcha\" data-sitekey=\"6Lfb5AMhAAAAALdI0ZIguyHUEBTe0DTOB9uXNR7O\"><\/div>\n<p><input type=\"text\" name=\"g-recaptcha-hidden\" class=\"wpforms-recaptcha-hidden\" style=\"position:absolute!important;clip:rect(0,0,0,0)!important;height:1px!important;width:1px!important;border:0!important;overflow:hidden!important;padding:0!important;margin:0!important;\" data-rule-recaptcha=\"1\"><\/div>\n<div class=\"wpforms-submit-container\" ><input type=\"hidden\" name=\"wpforms&#091;id&#093;\" value=\"3717\"><input type=\"hidden\" name=\"page_title\" value=\"\"><input type=\"hidden\" name=\"page_url\" value=\"https:\/\/www.milanriha.cz\/en\/wp-json\/wp\/v2\/pages\/3706\"><input type=\"hidden\" name=\"url_referer\" value=\"\"><button type=\"submit\" name=\"wpforms&#091;submit&#093;\" id=\"wpforms-submit-3717\" class=\"wpforms-submit\" data-alt-text=\"Odes\u00edl\u00e1ni...\" data-submit-text=\"Odeslat\" aria-live=\"assertive\" value=\"wpforms-submit\">Send<\/button><\/div>\n<input type=\"hidden\" name=\"trp-form-language\" value=\"en\"\/><\/form>\n<\/div>\n<p>  <!-- .wpforms-container --><\/p>\n<p>&nbsp;<\/p>\n\n\t\t<\/div>\n\t<\/div>\n<\/div><\/div><\/div><\/div><div class=\"vc_row wpb_row vc_row-fluid vc_row-69d2ccbe8c7a9\"><div class=\"wpb_column vc_column_container vc_col-sm-12 vc_row-69d2ccbe8c86d\"><div class=\"vc_column-inner\"><div class=\"wpb_wrapper\">\n\t<div class=\"wpb_text_column wpb_content_element\" >\n\t\t<div class=\"wpb_wrapper\">\n\t\t\t<p><span style=\"font-size: 12px;\">personal data is used exclusively for the purpose of contact and is not passed on to other entities<\/span><\/p>\n\n\t\t<\/div>\n\t<\/div>\n<\/div><\/div><\/div><\/div><\/div>","protected":false},"excerpt":{"rendered":"Napi\u0161te mi &nbsp; &nbsp; osobn\u00ed \u00fadaje jsou pou\u017eit\u00e9 v\u00fdhradn\u011b pro pot\u0159ebu kontaktu a nejsou postupov\u00e1ny dla\u0161\u00edm subjekt\u016fm","protected":false},"author":1,"featured_media":0,"parent":0,"menu_order":0,"comment_status":"closed","ping_status":"closed","template":"","meta":{"_acf_changed":false,"ngg_post_thumbnail":0,"footnotes":""},"class_list":["post-3706","page","type-page","status-publish","hentry"],"acf":[],"_links":{"self":[{"href":"https:\/\/www.milanriha.cz\/en\/wp-json\/wp\/v2\/pages\/3706","targetHints":{"allow":["GET"]}}],"collection":[{"href":"https:\/\/www.milanriha.cz\/en\/wp-json\/wp\/v2\/pages"}],"about":[{"href":"https:\/\/www.milanriha.cz\/en\/wp-json\/wp\/v2\/types\/page"}],"author":[{"embeddable":true,"href":"https:\/\/www.milanriha.cz\/en\/wp-json\/wp\/v2\/users\/1"}],"replies":[{"embeddable":true,"href":"https:\/\/www.milanriha.cz\/en\/wp-json\/wp\/v2\/comments?post=3706"}],"version-history":[{"count":9,"href":"https:\/\/www.milanriha.cz\/en\/wp-json\/wp\/v2\/pages\/3706\/revisions"}],"predecessor-version":[{"id":7434,"href":"https:\/\/www.milanriha.cz\/en\/wp-json\/wp\/v2\/pages\/3706\/revisions\/7434"}],"wp:attachment":[{"href":"https:\/\/www.milanriha.cz\/en\/wp-json\/wp\/v2\/media?parent=3706"}],"curies":[{"name":"wp","href":"https:\/\/api.w.org\/{rel}","templated":true}]}}