{"id":7318,"date":"2024-03-24T21:32:50","date_gmt":"2024-03-24T20:32:50","guid":{"rendered":"https:\/\/www.milanriha.cz\/?page_id=7318"},"modified":"2024-04-08T22:40:28","modified_gmt":"2024-04-08T20:40:28","slug":"nabidka-portret-2","status":"publish","type":"page","link":"https:\/\/www.milanriha.cz\/en\/nabidka-portret-2\/","title":{"rendered":"Nab\u00eddka portr\u00e9t"},"content":{"rendered":"<div class=\"wpb-content-wrapper\"><section class=\"vc_section vc_section-\"><div class=\"vc_row wpb_row vc_row-fluid vc_row-6a07200eaf540\"><div class=\"wpb_column vc_column_container vc_col-sm-12 vc_row-6a07200eafccb\"><div class=\"vc_column-inner\"><div class=\"wpb_wrapper\">      <div class=\"heading-block heading-5fb1a5b9ff08f tac h-h1\">\n                  <h1 class=\"h\"><span>Portrait photography<\/span><\/h1>\n              <\/div>\n          <div class=\"heading-block heading-601c504e3dd1f tac h-h2 vc_custom_1711312152541\">\n                  <h2 class=\"h\">portrait and family photo<\/h2>\n              <\/div>\n    <\/div><\/div><\/div><\/div><\/section><div class=\"vc_row wpb_row vc_row-fluid vc_row-6a07200eaff54\"><div class=\"wpb_column vc_column_container vc_col-sm-12 vc_row-6a07200eb00e8\"><div class=\"vc_column-inner\"><div class=\"wpb_wrapper\">\n\t<div class=\"wpb_text_column wpb_content_element\" >\n\t\t<div class=\"wpb_wrapper\">\n\t\t\t<p style=\"text-align: center;\"><span style=\"font-size: 18px;\">I'll take your <strong><span style=\"font-size: 20px; color: #c48f56;\">Portrait!<\/span><\/strong><\/span><\/p>\n<p style=\"text-align: center;\"><span style=\"font-size: 18px;\">Do you need your portrait (professional or personal) or would you like to take family or partner photos?<\/span><\/p>\n<p style=\"text-align: center;\"><span style=\"font-size: 18px;\">In this case, I am at your disposal and I will take the required photos exactly as you wish. We will arrange the place for the photo shoot together, either according to your choice or according to my design, so that it corresponds to your ideas.<\/span><\/p>\n<p style=\"text-align: center;\"><span style=\"font-size: 18px;\">Very popular are photos with children, pregnancy photos, but also a personal portrait. As they say, there are no limits to imagination, so<\/span><\/p>\n<p style=\"text-align: center;\"><span style=\"font-size: 18px; color: #c48f56;\">It's up to you and your wishes!<\/span><\/p>\n<p style=\"text-align: center;\"><span style=\"font-size: 18px;\">We will definitely agree on all this. You can see sample photos in mine <strong><a href=\"https:\/\/www.milanriha.cz\/en\/pt-portfolio\/portret\/\">Gallery<\/a><\/strong><\/span><\/p>\n\n\t\t<\/div>\n\t<\/div>\n<\/div><\/div><\/div><\/div><div class=\"vc_row wpb_row vc_row-fluid vc_custom_1711489856539 vc_row-6603429c1f36a vc_row-o-content-bottom vc_row-flex\"><div class=\"wpb_column vc_column_container vc_col-sm-12 vc_row-6a07200eb06fd\"><div class=\"vc_column-inner\"><div class=\"wpb_wrapper\">\n\t<div class=\"wpb_text_column wpb_content_element\" >\n\t\t<div class=\"wpb_wrapper\">\n\t\t\t<p style=\"text-align: center;\"><span style=\"font-size: 18px;\">Do not hesitate to <strong><a href=\"http:\/\/www.milanriha.cz\/en\/kontakt\/\">Contact me.<\/a> <\/strong>I will be happy to send you my price offer tailored to your wishes.<\/span><\/p>\n<p style=\"text-align: center;\">&nbsp;<\/p>\n<p>&nbsp;<\/p>\n<p style=\"text-align: center;\"><span style=\"font-family: 'arial black', sans-serif; color: #ffffff;\">FOLLOW ME<\/span><\/p>\n\n\t\t<\/div>\n\t<\/div>\n<\/div><\/div><\/div><\/div>\n<\/div>","protected":false},"excerpt":{"rendered":"Focen\u00ed portr\u00e9t\u016f portr\u00e9tn\u00ed i rodinn\u00e9 foto Nafot\u00edm v\u00e1m Portr\u00e9t! Pot\u0159ebujete sv\u016fj portr\u00e9t (profesion\u00e1ln\u00ed nebo osobn\u00ed) nebo byste cht\u011bli vyfotit rodinn\u00e9 nebo partnersk\u00e9 fotografie? V takov\u00e9m p\u0159\u00edpad\u011b jsem v\u00e1m k dispozici a nafot\u00edm po\u017eadovn\u00e9 fotografie p\u0159esn\u011b dle p\u0159\u00e1n\u00ed. M\u00edsto pro focen\u00ed dohodneme spole\u010dn\u011b, a\u0165 u\u017e dle va\u0161eho v\u00fdb\u011bru nebo podle m\u00e9ho n\u00e1vrhu tak, aby odpov\u00eddalo va\u0161im [...]","protected":false},"author":1,"featured_media":0,"parent":0,"menu_order":0,"comment_status":"closed","ping_status":"closed","template":"","meta":{"_acf_changed":false,"ngg_post_thumbnail":0,"footnotes":""},"class_list":["post-7318","page","type-page","status-publish","hentry"],"acf":[],"_links":{"self":[{"href":"https:\/\/www.milanriha.cz\/en\/wp-json\/wp\/v2\/pages\/7318","targetHints":{"allow":["GET"]}}],"collection":[{"href":"https:\/\/www.milanriha.cz\/en\/wp-json\/wp\/v2\/pages"}],"about":[{"href":"https:\/\/www.milanriha.cz\/en\/wp-json\/wp\/v2\/types\/page"}],"author":[{"embeddable":true,"href":"https:\/\/www.milanriha.cz\/en\/wp-json\/wp\/v2\/users\/1"}],"replies":[{"embeddable":true,"href":"https:\/\/www.milanriha.cz\/en\/wp-json\/wp\/v2\/comments?post=7318"}],"version-history":[{"count":7,"href":"https:\/\/www.milanriha.cz\/en\/wp-json\/wp\/v2\/pages\/7318\/revisions"}],"predecessor-version":[{"id":7426,"href":"https:\/\/www.milanriha.cz\/en\/wp-json\/wp\/v2\/pages\/7318\/revisions\/7426"}],"wp:attachment":[{"href":"https:\/\/www.milanriha.cz\/en\/wp-json\/wp\/v2\/media?parent=7318"}],"curies":[{"name":"wp","href":"https:\/\/api.w.org\/{rel}","templated":true}]}}